{"id":3996,"date":"2025-09-19T11:49:21","date_gmt":"2025-09-19T17:49:21","guid":{"rendered":"https:\/\/tuayunomx.com\/?page_id=3996"},"modified":"2025-09-19T13:21:27","modified_gmt":"2025-09-19T19:21:27","slug":"ayuno-en-valle-de-bravo","status":"publish","type":"page","link":"https:\/\/tuayunomx.com\/en\/ayuno-en-valle-de-bravo\/","title":{"rendered":"Ayuno en Valle de Bravo"},"content":{"rendered":"<div data-elementor-type=\"wp-page\" data-elementor-id=\"3996\" class=\"elementor elementor-3996\">\n\t\t\t\t<div class=\"elementor-element elementor-element-72f3c4b e-flex e-con-boxed e-con e-parent\" data-id=\"72f3c4b\" data-element_type=\"container\" data-e-type=\"container\">\n\t\t\t\t\t<div class=\"e-con-inner\">\n\t\t<div class=\"elementor-element elementor-element-9bcff69 e-con-full e-flex e-con e-child\" data-id=\"9bcff69\" data-element_type=\"container\" data-e-type=\"container\">\n\t\t<div class=\"elementor-element elementor-element-08fa946 e-con-full e-flex e-con e-child\" data-id=\"08fa946\" data-element_type=\"container\" data-e-type=\"container\">\n\t\t<div class=\"elementor-element elementor-element-d539868 e-con-full e-flex e-con e-child\" data-id=\"d539868\" data-element_type=\"container\" data-e-type=\"container\">\n\t\t\t\t<div class=\"elementor-element elementor-element-735fe55 elementor-widget elementor-widget-heading\" data-id=\"735fe55\" data-element_type=\"widget\" data-e-type=\"widget\" data-widget_type=\"heading.default\">\n\t\t\t\t<div class=\"elementor-widget-container\">\n\t\t\t\t\t<h2 class=\"elementor-heading-title elementor-size-default\">Valle de Bravo: Bosques, Lagos y Silencio Interior<\/h2>\t\t\t\t<\/div>\n\t\t\t\t<\/div>\n\t\t<div class=\"elementor-element elementor-element-1486c76 e-con-full e-flex e-con e-child\" data-id=\"1486c76\" data-element_type=\"container\" data-e-type=\"container\">\n\t\t<div class=\"elementor-element elementor-element-ab63139 e-con-full e-flex e-con e-child\" data-id=\"ab63139\" data-element_type=\"container\" data-e-type=\"container\">\n\t\t\t\t<div class=\"elementor-element elementor-element-68b4d5a elementor-widget elementor-widget-text-editor\" data-id=\"68b4d5a\" data-element_type=\"widget\" data-e-type=\"widget\" data-widget_type=\"text-editor.default\">\n\t\t\t\t<div class=\"elementor-widget-container\">\n\t\t\t\t\t\t\t\t\t<h2>Views and Landscapes<\/h2><p>Enclavado entre monta\u00f1as y bosques de pino, Valle de Bravo ofrece un entorno sereno en torno a su ic\u00f3nico lago. Amanecer con la neblina sobre el agua o caminar entre senderos verdes despierta la sensaci\u00f3n de estar inmerso en un santuario natural.<\/p>\t\t\t\t\t\t\t\t<\/div>\n\t\t\t\t<\/div>\n\t\t\t\t<\/div>\n\t\t<div class=\"elementor-element elementor-element-de33903 e-con-full e-flex e-con e-child\" data-id=\"de33903\" data-element_type=\"container\" data-e-type=\"container\">\n\t\t\t\t<div class=\"elementor-element elementor-element-5352fdc elementor-widget elementor-widget-image\" data-id=\"5352fdc\" data-element_type=\"widget\" data-e-type=\"widget\" data-widget_type=\"image.default\">\n\t\t\t\t<div class=\"elementor-widget-container\">\n\t\t\t\t\t\t\t\t\t\t\t\t\t\t\t<img fetchpriority=\"high\" decoding=\"async\" width=\"1024\" height=\"768\" src=\"https:\/\/tuayunomx.com\/wp-content\/uploads\/2025\/08\/Valle-real-photo2-1024x768.avif\" class=\"attachment-large size-large wp-image-3967\" alt=\"\" srcset=\"https:\/\/tuayunomx.com\/wp-content\/uploads\/2025\/08\/Valle-real-photo2-1024x768.avif 1024w, https:\/\/tuayunomx.com\/wp-content\/uploads\/2025\/08\/Valle-real-photo2-300x225.avif 300w, https:\/\/tuayunomx.com\/wp-content\/uploads\/2025\/08\/Valle-real-photo2-768x576.avif 768w, https:\/\/tuayunomx.com\/wp-content\/uploads\/2025\/08\/Valle-real-photo2-16x12.avif 16w, https:\/\/tuayunomx.com\/wp-content\/uploads\/2025\/08\/Valle-real-photo2-600x450.avif 600w, https:\/\/tuayunomx.com\/wp-content\/uploads\/2025\/08\/Valle-real-photo2.avif 1440w\" sizes=\"(max-width: 1024px) 100vw, 1024px\" \/>\t\t\t\t\t\t\t\t\t\t\t\t\t\t\t<\/div>\n\t\t\t\t<\/div>\n\t\t\t\t<\/div>\n\t\t\t\t<\/div>\n\t\t\t\t<\/div>\n\t\t\t\t<\/div>\n\t\t\t\t<\/div>\n\t\t\t\t\t<\/div>\n\t\t\t\t<\/div>\n\t\t<div class=\"elementor-element elementor-element-7b355bb e-flex e-con-boxed e-con e-parent\" data-id=\"7b355bb\" data-element_type=\"container\" data-e-type=\"container\">\n\t\t\t\t\t<div class=\"e-con-inner\">\n\t\t<div class=\"elementor-element elementor-element-d887b01 e-con-full e-flex e-con e-child\" data-id=\"d887b01\" data-element_type=\"container\" data-e-type=\"container\">\n\t\t<div class=\"elementor-element elementor-element-53e4adf e-con-full e-flex e-con e-child\" data-id=\"53e4adf\" data-element_type=\"container\" data-e-type=\"container\">\n\t\t\t\t<div class=\"elementor-element elementor-element-fc2b606 elementor-widget elementor-widget-image\" data-id=\"fc2b606\" data-element_type=\"widget\" data-e-type=\"widget\" data-widget_type=\"image.default\">\n\t\t\t\t<div class=\"elementor-widget-container\">\n\t\t\t\t\t\t\t\t\t\t\t\t\t\t\t<img decoding=\"async\" width=\"1024\" height=\"768\" src=\"https:\/\/tuayunomx.com\/wp-content\/uploads\/2025\/08\/Valle-real-photo10-1024x768.avif\" class=\"attachment-large size-large wp-image-3965\" alt=\"\" srcset=\"https:\/\/tuayunomx.com\/wp-content\/uploads\/2025\/08\/Valle-real-photo10-1024x768.avif 1024w, https:\/\/tuayunomx.com\/wp-content\/uploads\/2025\/08\/Valle-real-photo10-300x225.avif 300w, https:\/\/tuayunomx.com\/wp-content\/uploads\/2025\/08\/Valle-real-photo10-768x576.avif 768w, https:\/\/tuayunomx.com\/wp-content\/uploads\/2025\/08\/Valle-real-photo10-16x12.avif 16w, https:\/\/tuayunomx.com\/wp-content\/uploads\/2025\/08\/Valle-real-photo10-600x450.avif 600w, https:\/\/tuayunomx.com\/wp-content\/uploads\/2025\/08\/Valle-real-photo10.avif 1440w\" sizes=\"(max-width: 1024px) 100vw, 1024px\" \/>\t\t\t\t\t\t\t\t\t\t\t\t\t\t\t<\/div>\n\t\t\t\t<\/div>\n\t\t\t\t<\/div>\n\t\t<div class=\"elementor-element elementor-element-81e55dc e-con-full e-flex e-con e-child\" data-id=\"81e55dc\" data-element_type=\"container\" data-e-type=\"container\">\n\t\t\t\t<div class=\"elementor-element elementor-element-de85a01 elementor-widget elementor-widget-text-editor\" data-id=\"de85a01\" data-element_type=\"widget\" data-e-type=\"widget\" data-widget_type=\"text-editor.default\">\n\t\t\t\t<div class=\"elementor-widget-container\">\n\t\t\t\t\t\t\t\t\t<h2><span lang=\"EN-US\">Attractions and Activities<\/span><\/h2><ul><li>Senderismo y cascadas: rutas que invitan a descubrir la fuerza del agua y la quietud de los \u00e1rboles, ideales para momentos de contemplaci\u00f3n durante el ayuno.<\/li><li>Lago y miradores: espacios para meditar en calma, ver el vuelo de las aves y conectar con la vastedad de la naturaleza.<\/li><li>Actividades de bienestar: yoga al aire libre, paseos conscientes y respiraci\u00f3n en contacto con la monta\u00f1a.<\/li><\/ul>\t\t\t\t\t\t\t\t<\/div>\n\t\t\t\t<\/div>\n\t\t\t\t<\/div>\n\t\t\t\t<\/div>\n\t\t\t\t\t<\/div>\n\t\t\t\t<\/div>\n\t\t<div class=\"elementor-element elementor-element-2827db6 e-flex e-con-boxed e-con e-parent\" data-id=\"2827db6\" data-element_type=\"container\" data-e-type=\"container\">\n\t\t\t\t\t<div class=\"e-con-inner\">\n\t\t<div class=\"elementor-element elementor-element-6acfbff e-con-full e-flex e-con e-child\" data-id=\"6acfbff\" data-element_type=\"container\" data-e-type=\"container\">\n\t\t<div class=\"elementor-element elementor-element-20a1d0c e-con-full e-flex e-con e-child\" data-id=\"20a1d0c\" data-element_type=\"container\" data-e-type=\"container\">\n\t\t\t\t<div class=\"elementor-element elementor-element-adff2b5 elementor-widget elementor-widget-text-editor\" data-id=\"adff2b5\" data-element_type=\"widget\" data-e-type=\"widget\" data-widget_type=\"text-editor.default\">\n\t\t\t\t<div class=\"elementor-widget-container\">\n\t\t\t\t\t\t\t\t\t<h2><span lang=\"EN-US\">Cultura Local<\/span><\/h2><p>El pueblo m\u00e1gico conserva calles empedradas, mercados tradicionales y un ambiente acogedor. La hospitalidad de sus habitantes, unida al entorno natural, crea el marco perfecto para un retiro de introspecci\u00f3n, descanso y renovaci\u00f3n profunda.<\/p>\t\t\t\t\t\t\t\t<\/div>\n\t\t\t\t<\/div>\n\t\t\t\t<\/div>\n\t\t<div class=\"elementor-element elementor-element-65d9636 e-con-full e-flex e-con e-child\" data-id=\"65d9636\" data-element_type=\"container\" data-e-type=\"container\">\n\t\t\t\t<div class=\"elementor-element elementor-element-24a66c5 elementor-widget elementor-widget-image\" data-id=\"24a66c5\" data-element_type=\"widget\" data-e-type=\"widget\" data-widget_type=\"image.default\">\n\t\t\t\t<div class=\"elementor-widget-container\">\n\t\t\t\t\t\t\t\t\t\t\t\t\t\t\t<img decoding=\"async\" width=\"1024\" height=\"768\" src=\"https:\/\/tuayunomx.com\/wp-content\/uploads\/2025\/08\/Valle-real-photo3-1024x768.jpeg\" class=\"attachment-large size-large wp-image-3968\" alt=\"\" srcset=\"https:\/\/tuayunomx.com\/wp-content\/uploads\/2025\/08\/Valle-real-photo3-1024x768.jpeg 1024w, https:\/\/tuayunomx.com\/wp-content\/uploads\/2025\/08\/Valle-real-photo3-300x225.jpeg 300w, https:\/\/tuayunomx.com\/wp-content\/uploads\/2025\/08\/Valle-real-photo3-768x576.jpeg 768w, https:\/\/tuayunomx.com\/wp-content\/uploads\/2025\/08\/Valle-real-photo3-16x12.jpeg 16w, https:\/\/tuayunomx.com\/wp-content\/uploads\/2025\/08\/Valle-real-photo3-600x450.jpeg 600w, https:\/\/tuayunomx.com\/wp-content\/uploads\/2025\/08\/Valle-real-photo3.jpeg 1440w\" sizes=\"(max-width: 1024px) 100vw, 1024px\" \/>\t\t\t\t\t\t\t\t\t\t\t\t\t\t\t<\/div>\n\t\t\t\t<\/div>\n\t\t\t\t<\/div>\n\t\t\t\t<\/div>\n\t\t\t\t\t<\/div>\n\t\t\t\t<\/div>\n\t\t\t\t<\/div>","protected":false},"excerpt":{"rendered":"<p>Valle de Bravo: Bosques, Lagos y Silencio Interior Vistas y Paisajes Enclavado entre monta\u00f1as y bosques de pino, Valle de Bravo ofrece un entorno sereno en torno a su ic\u00f3nico [&hellip;]<\/p>\n","protected":false},"author":1,"featured_media":0,"parent":0,"menu_order":0,"comment_status":"closed","ping_status":"closed","template":"","meta":{"_coblocks_attr":"","_coblocks_dimensions":"","_coblocks_responsive_height":"","_coblocks_accordion_ie_support":"","site-sidebar-layout":"no-sidebar","site-content-layout":"page-builder","ast-site-content-layout":"full-width-container","site-content-style":"default","site-sidebar-style":"default","ast-global-header-display":"","ast-banner-title-visibility":"","ast-main-header-display":"","ast-hfb-above-header-display":"","ast-hfb-below-header-display":"","ast-hfb-mobile-header-display":"","site-post-title":"disabled","ast-breadcrumbs-content":"","ast-featured-img":"disabled","footer-sml-layout":"","ast-disable-related-posts":"","theme-transparent-header-meta":"","adv-header-id-meta":"","stick-header-meta":"","header-above-stick-meta":"","header-main-stick-meta":"","header-below-stick-meta":"","astra-migrate-meta-layouts":"default","ast-page-background-enabled":"default","ast-page-background-meta":{"desktop":{"background-color":"var(--ast-global-color-4)","background-image":"","background-repeat":"repeat","background-position":"center center","background-size":"auto","background-attachment":"scroll","background-type":"","background-media":"","overlay-type":"","overlay-color":"","overlay-opacity":"","overlay-gradient":""},"tablet":{"background-color":"","background-image":"","background-repeat":"repeat","background-position":"center center","background-size":"auto","background-attachment":"scroll","background-type":"","background-media":"","overlay-type":"","overlay-color":"","overlay-opacity":"","overlay-gradient":""},"mobile":{"background-color":"","background-image":"","background-repeat":"repeat","background-position":"center center","background-size":"auto","background-attachment":"scroll","background-type":"","background-media":"","overlay-type":"","overlay-color":"","overlay-opacity":"","overlay-gradient":""}},"ast-content-background-meta":{"desktop":{"background-color":"var(--ast-global-color-5)","background-image":"","background-repeat":"repeat","background-position":"center center","background-size":"auto","background-attachment":"scroll","background-type":"","background-media":"","overlay-type":"","overlay-color":"","overlay-opacity":"","overlay-gradient":""},"tablet":{"background-color":"var(--ast-global-color-5)","background-image":"","background-repeat":"repeat","background-position":"center center","background-size":"auto","background-attachment":"scroll","background-type":"","background-media":"","overlay-type":"","overlay-color":"","overlay-opacity":"","overlay-gradient":""},"mobile":{"background-color":"var(--ast-global-color-5)","background-image":"","background-repeat":"repeat","background-position":"center center","background-size":"auto","background-attachment":"scroll","background-type":"","background-media":"","overlay-type":"","overlay-color":"","overlay-opacity":"","overlay-gradient":""}},"footnotes":""},"class_list":["post-3996","page","type-page","status-publish","hentry"],"_links":{"self":[{"href":"https:\/\/tuayunomx.com\/en\/wp-json\/wp\/v2\/pages\/3996","targetHints":{"allow":["GET"]}}],"collection":[{"href":"https:\/\/tuayunomx.com\/en\/wp-json\/wp\/v2\/pages"}],"about":[{"href":"https:\/\/tuayunomx.com\/en\/wp-json\/wp\/v2\/types\/page"}],"author":[{"embeddable":true,"href":"https:\/\/tuayunomx.com\/en\/wp-json\/wp\/v2\/users\/1"}],"replies":[{"embeddable":true,"href":"https:\/\/tuayunomx.com\/en\/wp-json\/wp\/v2\/comments?post=3996"}],"version-history":[{"count":4,"href":"https:\/\/tuayunomx.com\/en\/wp-json\/wp\/v2\/pages\/3996\/revisions"}],"predecessor-version":[{"id":4012,"href":"https:\/\/tuayunomx.com\/en\/wp-json\/wp\/v2\/pages\/3996\/revisions\/4012"}],"wp:attachment":[{"href":"https:\/\/tuayunomx.com\/en\/wp-json\/wp\/v2\/media?parent=3996"}],"curies":[{"name":"wp","href":"https:\/\/api.w.org\/{rel}","templated":true}]}}