{"id":3995,"date":"2025-09-19T11:49:21","date_gmt":"2025-09-19T17:49:21","guid":{"rendered":"https:\/\/tuayunomx.com\/?page_id=3995"},"modified":"2025-09-19T13:07:57","modified_gmt":"2025-09-19T19:07:57","slug":"retiro-en-tulum","status":"publish","type":"page","link":"https:\/\/tuayunomx.com\/en\/retiro-en-tulum\/","title":{"rendered":"Retiro en TULUM"},"content":{"rendered":"<div data-elementor-type=\"wp-page\" data-elementor-id=\"3995\" class=\"elementor elementor-3995\">\n\t\t\t\t<div class=\"elementor-element elementor-element-dde1165 e-flex e-con-boxed e-con e-parent\" data-id=\"dde1165\" data-element_type=\"container\" data-e-type=\"container\">\n\t\t\t\t\t<div class=\"e-con-inner\">\n\t\t<div class=\"elementor-element elementor-element-484a516 e-con-full e-flex e-con e-child\" data-id=\"484a516\" data-element_type=\"container\" data-e-type=\"container\">\n\t\t<div class=\"elementor-element elementor-element-ab2c658 e-con-full e-flex e-con e-child\" data-id=\"ab2c658\" data-element_type=\"container\" data-e-type=\"container\">\n\t\t\t\t<div class=\"elementor-element elementor-element-0324adc elementor-widget elementor-widget-heading\" data-id=\"0324adc\" data-element_type=\"widget\" data-e-type=\"widget\" data-widget_type=\"heading.default\">\n\t\t\t\t<div class=\"elementor-widget-container\">\n\t\t\t\t\t<h2 class=\"elementor-heading-title elementor-size-default\">TULUM: Mar, Energ\u00eda Maya y Renovaci\u00f3n<\/h2>\t\t\t\t<\/div>\n\t\t\t\t<\/div>\n\t\t<div class=\"elementor-element elementor-element-fba9b15 e-con-full e-flex e-con e-child\" data-id=\"fba9b15\" data-element_type=\"container\" data-e-type=\"container\">\n\t\t<div class=\"elementor-element elementor-element-5ea61ed e-con-full e-flex e-con e-child\" data-id=\"5ea61ed\" data-element_type=\"container\" data-e-type=\"container\">\n\t\t\t\t<div class=\"elementor-element elementor-element-916e427 elementor-widget elementor-widget-text-editor\" data-id=\"916e427\" data-element_type=\"widget\" data-e-type=\"widget\" data-widget_type=\"text-editor.default\">\n\t\t\t\t<div class=\"elementor-widget-container\">\n\t\t\t\t\t\t\t\t\t<h2>Views and Landscapes<\/h2><p>El Caribe mexicano regala en Tulum aguas turquesa, arenas blancas y un entorno donde el mar se funde con la selva. Las ruinas mayas frente al oc\u00e9ano invitan a contemplar el horizonte como un recordatorio de sabidur\u00eda ancestral y conexi\u00f3n con la tierra.<\/p>\t\t\t\t\t\t\t\t<\/div>\n\t\t\t\t<\/div>\n\t\t\t\t<\/div>\n\t\t<div class=\"elementor-element elementor-element-0c3c69e e-con-full e-flex e-con e-child\" data-id=\"0c3c69e\" data-element_type=\"container\" data-e-type=\"container\">\n\t\t\t\t<div class=\"elementor-element elementor-element-88126ff elementor-widget elementor-widget-image\" data-id=\"88126ff\" data-element_type=\"widget\" data-e-type=\"widget\" data-widget_type=\"image.default\">\n\t\t\t\t<div class=\"elementor-widget-container\">\n\t\t\t\t\t\t\t\t\t\t\t\t\t\t\t<img fetchpriority=\"high\" decoding=\"async\" width=\"1024\" height=\"683\" src=\"https:\/\/tuayunomx.com\/wp-content\/uploads\/2025\/08\/tulum_photo6-1024x683.avif\" class=\"attachment-large size-large wp-image-3939\" alt=\"\" srcset=\"https:\/\/tuayunomx.com\/wp-content\/uploads\/2025\/08\/tulum_photo6-1024x683.avif 1024w, https:\/\/tuayunomx.com\/wp-content\/uploads\/2025\/08\/tulum_photo6-300x200.avif 300w, https:\/\/tuayunomx.com\/wp-content\/uploads\/2025\/08\/tulum_photo6-768x512.avif 768w, https:\/\/tuayunomx.com\/wp-content\/uploads\/2025\/08\/tulum_photo6-18x12.avif 18w, https:\/\/tuayunomx.com\/wp-content\/uploads\/2025\/08\/tulum_photo6-600x400.avif 600w, https:\/\/tuayunomx.com\/wp-content\/uploads\/2025\/08\/tulum_photo6.avif 1200w\" sizes=\"(max-width: 1024px) 100vw, 1024px\" \/>\t\t\t\t\t\t\t\t\t\t\t\t\t\t\t<\/div>\n\t\t\t\t<\/div>\n\t\t\t\t<\/div>\n\t\t\t\t<\/div>\n\t\t\t\t<\/div>\n\t\t\t\t<\/div>\n\t\t\t\t\t<\/div>\n\t\t\t\t<\/div>\n\t\t<div class=\"elementor-element elementor-element-504300e e-flex e-con-boxed e-con e-parent\" data-id=\"504300e\" data-element_type=\"container\" data-e-type=\"container\">\n\t\t\t\t\t<div class=\"e-con-inner\">\n\t\t<div class=\"elementor-element elementor-element-6b87fcb e-con-full e-flex e-con e-child\" data-id=\"6b87fcb\" data-element_type=\"container\" data-e-type=\"container\">\n\t\t<div class=\"elementor-element elementor-element-d33241d e-con-full e-flex e-con e-child\" data-id=\"d33241d\" data-element_type=\"container\" data-e-type=\"container\">\n\t\t<div class=\"elementor-element elementor-element-6dd5f6c e-con-full e-flex e-con e-child\" data-id=\"6dd5f6c\" data-element_type=\"container\" data-e-type=\"container\">\n\t\t\t\t<div class=\"elementor-element elementor-element-fca4540 elementor-widget elementor-widget-image\" data-id=\"fca4540\" data-element_type=\"widget\" data-e-type=\"widget\" data-widget_type=\"image.default\">\n\t\t\t\t<div class=\"elementor-widget-container\">\n\t\t\t\t\t\t\t\t\t\t\t\t\t\t\t<img decoding=\"async\" width=\"1024\" height=\"683\" src=\"https:\/\/tuayunomx.com\/wp-content\/uploads\/2025\/08\/tulum_photo-1024x683.avif\" class=\"attachment-large size-large wp-image-3935\" alt=\"\" srcset=\"https:\/\/tuayunomx.com\/wp-content\/uploads\/2025\/08\/tulum_photo-1024x683.avif 1024w, https:\/\/tuayunomx.com\/wp-content\/uploads\/2025\/08\/tulum_photo-300x200.avif 300w, https:\/\/tuayunomx.com\/wp-content\/uploads\/2025\/08\/tulum_photo-768x512.avif 768w, https:\/\/tuayunomx.com\/wp-content\/uploads\/2025\/08\/tulum_photo-18x12.avif 18w, https:\/\/tuayunomx.com\/wp-content\/uploads\/2025\/08\/tulum_photo-600x400.avif 600w, https:\/\/tuayunomx.com\/wp-content\/uploads\/2025\/08\/tulum_photo.avif 1200w\" sizes=\"(max-width: 1024px) 100vw, 1024px\" \/>\t\t\t\t\t\t\t\t\t\t\t\t\t\t\t<\/div>\n\t\t\t\t<\/div>\n\t\t\t\t<\/div>\n\t\t<div class=\"elementor-element elementor-element-cfdafd9 e-con-full e-flex e-con e-child\" data-id=\"cfdafd9\" data-element_type=\"container\" data-e-type=\"container\">\n\t\t\t\t<div class=\"elementor-element elementor-element-5b124d4 elementor-widget elementor-widget-text-editor\" data-id=\"5b124d4\" data-element_type=\"widget\" data-e-type=\"widget\" data-widget_type=\"text-editor.default\">\n\t\t\t\t<div class=\"elementor-widget-container\">\n\t\t\t\t\t\t\t\t\t<h2>Attractions and Activities<\/h2><ul><li>Playas y cenotes: espacios ideales para meditar, nadar en aguas cristalinas y sentir la pureza del agua como parte del proceso de limpieza interior.<\/li><li>Exploraci\u00f3n maya: templos y vestigios arqueol\u00f3gicos que evocan espiritualidad y silencio.<\/li><li>\u00a0Bienestar natural: caminatas entre manglares y rituales de fuego o temazcal opcionales para quienes deseen integrar tradici\u00f3n con transformaci\u00f3n personal.<\/li><\/ul>\t\t\t\t\t\t\t\t<\/div>\n\t\t\t\t<\/div>\n\t\t\t\t<\/div>\n\t\t\t\t<\/div>\n\t\t\t\t<\/div>\n\t\t\t\t\t<\/div>\n\t\t\t\t<\/div>\n\t\t<div class=\"elementor-element elementor-element-c527c81 e-flex e-con-boxed e-con e-parent\" data-id=\"c527c81\" data-element_type=\"container\" data-e-type=\"container\">\n\t\t\t\t\t<div class=\"e-con-inner\">\n\t\t<div class=\"elementor-element elementor-element-7d6b89f e-con-full e-flex e-con e-child\" data-id=\"7d6b89f\" data-element_type=\"container\" data-e-type=\"container\">\n\t\t<div class=\"elementor-element elementor-element-69ef2ca e-con-full e-flex e-con e-child\" data-id=\"69ef2ca\" data-element_type=\"container\" data-e-type=\"container\">\n\t\t\t\t<div class=\"elementor-element elementor-element-2006326 elementor-widget elementor-widget-text-editor\" data-id=\"2006326\" data-element_type=\"widget\" data-e-type=\"widget\" data-widget_type=\"text-editor.default\">\n\t\t\t\t<div class=\"elementor-widget-container\">\n\t\t\t\t\t\t\t\t\t<h2>Cultura Local<\/h2><p>La vida en Tulum refleja un equilibrio entre modernidad bohemia y ra\u00edces mayas. La comunidad local recibe con calidez, compartiendo su gastronom\u00eda, artesan\u00edas y m\u00fasica, que acompa\u00f1an la experiencia del ayuno con un toque de color y tradici\u00f3n.<\/p>\t\t\t\t\t\t\t\t<\/div>\n\t\t\t\t<\/div>\n\t\t\t\t<\/div>\n\t\t<div class=\"elementor-element elementor-element-4dda4df e-con-full e-flex e-con e-child\" data-id=\"4dda4df\" data-element_type=\"container\" data-e-type=\"container\">\n\t\t\t\t<div class=\"elementor-element elementor-element-6007079 elementor-widget elementor-widget-image\" data-id=\"6007079\" data-element_type=\"widget\" data-e-type=\"widget\" data-widget_type=\"image.default\">\n\t\t\t\t<div class=\"elementor-widget-container\">\n\t\t\t\t\t\t\t\t\t\t\t\t\t\t\t<img decoding=\"async\" width=\"1024\" height=\"683\" src=\"https:\/\/tuayunomx.com\/wp-content\/uploads\/2025\/08\/tulum_photo3-1024x683.avif\" class=\"attachment-large size-large wp-image-3937\" alt=\"\" srcset=\"https:\/\/tuayunomx.com\/wp-content\/uploads\/2025\/08\/tulum_photo3-1024x683.avif 1024w, https:\/\/tuayunomx.com\/wp-content\/uploads\/2025\/08\/tulum_photo3-300x200.avif 300w, https:\/\/tuayunomx.com\/wp-content\/uploads\/2025\/08\/tulum_photo3-768x512.avif 768w, https:\/\/tuayunomx.com\/wp-content\/uploads\/2025\/08\/tulum_photo3-18x12.avif 18w, https:\/\/tuayunomx.com\/wp-content\/uploads\/2025\/08\/tulum_photo3-600x400.avif 600w, https:\/\/tuayunomx.com\/wp-content\/uploads\/2025\/08\/tulum_photo3.avif 1200w\" sizes=\"(max-width: 1024px) 100vw, 1024px\" \/>\t\t\t\t\t\t\t\t\t\t\t\t\t\t\t<\/div>\n\t\t\t\t<\/div>\n\t\t\t\t<\/div>\n\t\t\t\t<\/div>\n\t\t\t\t\t<\/div>\n\t\t\t\t<\/div>\n\t\t\t\t<\/div>","protected":false},"excerpt":{"rendered":"<p>TULUM: Mar, Energ\u00eda Maya y Renovaci\u00f3n Vistas y Paisajes El Caribe mexicano regala en Tulum aguas turquesa, arenas blancas y un entorno donde el mar se funde con la selva. [&hellip;]<\/p>\n","protected":false},"author":1,"featured_media":0,"parent":0,"menu_order":0,"comment_status":"closed","ping_status":"closed","template":"","meta":{"_coblocks_attr":"","_coblocks_dimensions":"","_coblocks_responsive_height":"","_coblocks_accordion_ie_support":"","site-sidebar-layout":"no-sidebar","site-content-layout":"page-builder","ast-site-content-layout":"full-width-container","site-content-style":"default","site-sidebar-style":"default","ast-global-header-display":"","ast-banner-title-visibility":"","ast-main-header-display":"","ast-hfb-above-header-display":"","ast-hfb-below-header-display":"","ast-hfb-mobile-header-display":"","site-post-title":"disabled","ast-breadcrumbs-content":"","ast-featured-img":"disabled","footer-sml-layout":"","ast-disable-related-posts":"","theme-transparent-header-meta":"","adv-header-id-meta":"","stick-header-meta":"","header-above-stick-meta":"","header-main-stick-meta":"","header-below-stick-meta":"","astra-migrate-meta-layouts":"default","ast-page-background-enabled":"default","ast-page-background-meta":{"desktop":{"background-color":"var(--ast-global-color-4)","background-image":"","background-repeat":"repeat","background-position":"center center","background-size":"auto","background-attachment":"scroll","background-type":"","background-media":"","overlay-type":"","overlay-color":"","overlay-opacity":"","overlay-gradient":""},"tablet":{"background-color":"","background-image":"","background-repeat":"repeat","background-position":"center center","background-size":"auto","background-attachment":"scroll","background-type":"","background-media":"","overlay-type":"","overlay-color":"","overlay-opacity":"","overlay-gradient":""},"mobile":{"background-color":"","background-image":"","background-repeat":"repeat","background-position":"center center","background-size":"auto","background-attachment":"scroll","background-type":"","background-media":"","overlay-type":"","overlay-color":"","overlay-opacity":"","overlay-gradient":""}},"ast-content-background-meta":{"desktop":{"background-color":"var(--ast-global-color-5)","background-image":"","background-repeat":"repeat","background-position":"center center","background-size":"auto","background-attachment":"scroll","background-type":"","background-media":"","overlay-type":"","overlay-color":"","overlay-opacity":"","overlay-gradient":""},"tablet":{"background-color":"var(--ast-global-color-5)","background-image":"","background-repeat":"repeat","background-position":"center center","background-size":"auto","background-attachment":"scroll","background-type":"","background-media":"","overlay-type":"","overlay-color":"","overlay-opacity":"","overlay-gradient":""},"mobile":{"background-color":"var(--ast-global-color-5)","background-image":"","background-repeat":"repeat","background-position":"center center","background-size":"auto","background-attachment":"scroll","background-type":"","background-media":"","overlay-type":"","overlay-color":"","overlay-opacity":"","overlay-gradient":""}},"footnotes":""},"class_list":["post-3995","page","type-page","status-publish","hentry"],"_links":{"self":[{"href":"https:\/\/tuayunomx.com\/en\/wp-json\/wp\/v2\/pages\/3995","targetHints":{"allow":["GET"]}}],"collection":[{"href":"https:\/\/tuayunomx.com\/en\/wp-json\/wp\/v2\/pages"}],"about":[{"href":"https:\/\/tuayunomx.com\/en\/wp-json\/wp\/v2\/types\/page"}],"author":[{"embeddable":true,"href":"https:\/\/tuayunomx.com\/en\/wp-json\/wp\/v2\/users\/1"}],"replies":[{"embeddable":true,"href":"https:\/\/tuayunomx.com\/en\/wp-json\/wp\/v2\/comments?post=3995"}],"version-history":[{"count":4,"href":"https:\/\/tuayunomx.com\/en\/wp-json\/wp\/v2\/pages\/3995\/revisions"}],"predecessor-version":[{"id":4009,"href":"https:\/\/tuayunomx.com\/en\/wp-json\/wp\/v2\/pages\/3995\/revisions\/4009"}],"wp:attachment":[{"href":"https:\/\/tuayunomx.com\/en\/wp-json\/wp\/v2\/media?parent=3995"}],"curies":[{"name":"wp","href":"https:\/\/api.w.org\/{rel}","templated":true}]}}