{"id":3,"date":"2024-07-04T16:46:04","date_gmt":"2024-07-04T16:46:04","guid":{"rendered":"https:\/\/tuayunomx.com\/?page_id=3"},"modified":"2024-12-23T12:55:50","modified_gmt":"2024-12-23T18:55:50","slug":"privacy-policy","status":"publish","type":"page","link":"https:\/\/tuayunomx.com\/en\/privacy-policy\/","title":{"rendered":"Privacy Policy"},"content":{"rendered":"<div data-elementor-type=\"wp-page\" data-elementor-id=\"3\" class=\"elementor elementor-3\">\n\t\t\t\t<div class=\"elementor-element elementor-element-69691e69 e-flex e-con-boxed e-con e-parent\" data-id=\"69691e69\" data-element_type=\"container\" data-e-type=\"container\">\n\t\t\t\t\t<div class=\"e-con-inner\">\n\t\t\t\t<div class=\"elementor-element elementor-element-34cf829d elementor-widget elementor-widget-text-editor\" data-id=\"34cf829d\" data-element_type=\"widget\" data-e-type=\"widget\" data-widget_type=\"text-editor.default\">\n\t\t\t\t<div class=\"elementor-widget-container\">\n\t\t\t\t\t\t\t\t\t<h2 class=\"wp-block-heading\">\u00bfQui\u00e9nes Somos?<\/h2>\n<p><!-- \/wp:heading --><!-- wp:paragraph --><\/p>\n<p>Somos <strong>Ayunando y Sanando<\/strong>, un sitio web dedicado a ofrecer <strong>retiros de ayunos<\/strong> y acompa\u00f1amiento espiritual. Nuestra direcci\u00f3n web es: <a href=\"https:\/\/tuayunomx.com\/en\/\">https:\/\/tuayunomx.com\/<\/a><\/p>\n<p>\u00a0<\/p>\n<p>Para cualquier consulta relacionada con la recopilaci\u00f3n, uso y protecci\u00f3n de tus datos personales, puedes contactarnos a trav\u00e9s de <a href=\"mailto:ayunosmx@gmail.com\">ayunosmx@gmail.com<\/a> o mediante nuestro formulario de contacto disponible en el sitio.<\/p>\n<p>Si tienes alguna pregunta sobre esta pol\u00edtica de privacidad o sobre c\u00f3mo gestionamos tus datos, no dudes en ponerte en contacto con nosotros. Estamos comprometidos con la protecci\u00f3n de tu privacidad y la transparencia en c\u00f3mo manejamos la informaci\u00f3n que nos proporcionas.<\/p>\n<p>\u00a0<\/p>\n<p><!-- \/wp:paragraph --><!-- wp:heading --><\/p>\n<h2 class=\"wp-block-heading\">Comentarios<\/h2>\n<p><!-- \/wp:heading --><!-- wp:paragraph --><\/p>\n<p>Cuando los visitantes dejan comentarios sobre nuestros retiros de ayuno, recopilamos los datos que se muestran en el formulario de comentarios, como el nombre, correo electr\u00f3nico y el contenido del comentario. Tambi\u00e9n recopilamos la direcci\u00f3n IP del visitante y la cadena de agente de usuario del navegador, lo cual nos ayuda a detectar y prevenir el spam.<\/p>\n<p>Aunque no se requiere una cuenta de usuario para dejar un comentario, es necesario proporcionar tu nombre y correo electr\u00f3nico. Esta informaci\u00f3n se utiliza \u00fanicamente para gestionar tu comentario y no se compartir\u00e1 ni se usar\u00e1 para otros fines sin tu consentimiento.<\/p>\n<p>Los comentarios que dejes no se publicar\u00e1n de inmediato, ya que deben ser aprobados manualmente por nuestros administradores antes de ser visibles en la p\u00e1gina. Esto se hace para garantizar que los comentarios sean apropiados y relevantes.<\/p>\n<p>Tu direcci\u00f3n de correo electr\u00f3nico <strong>nunca ser\u00e1 mostrada p\u00fablicamente<\/strong>; solo se mostrar\u00e1 el nombre que elijas al dejar el comentario.<\/p>\n<p>Si tienes alguna pregunta sobre el uso de tus datos, deseas que se elimine alg\u00fan comentario, o necesitas m\u00e1s informaci\u00f3n sobre nuestros retiros, puedes <strong>contactarnos directamente a <a rel=\"noopener\">ayunosmx@gmail.com<\/a><\/strong>.<\/p>\n<p>\u00a0<\/p>\n<p><!-- \/wp:paragraph --><!-- wp:heading --><\/p>\n<h2 class=\"wp-block-heading\">Media<\/h2>\n<p><!-- \/wp:heading --><!-- wp:paragraph --><\/p>\n<p>Si subes im\u00e1genes a nuestro sitio web, por favor ten en cuenta lo siguiente:<\/p>\n<ol>\n<li>\n<p><strong>Datos de ubicaci\u00f3n (EXIF GPS)<\/strong>: Algunas im\u00e1genes pueden contener <strong>metadatos<\/strong> incrustados, como los datos de ubicaci\u00f3n GPS (conocidos como EXIF), que pueden revelar la ubicaci\u00f3n exacta donde la imagen fue tomada. Para proteger tu privacidad, te recomendamos <strong>evitar subir im\u00e1genes que contengan datos de ubicaci\u00f3n<\/strong>.<\/p>\n<\/li>\n<li>\n<p><strong>Acceso a los metadatos<\/strong>: Los visitantes del sitio pueden <strong>descargar y extraer cualquier dato de ubicaci\u00f3n<\/strong> que est\u00e9 incrustado en las im\u00e1genes publicadas en el sitio web. Esto incluye la informaci\u00f3n de la ubicaci\u00f3n geogr\u00e1fica (GPS) contenida en las im\u00e1genes subidas.<\/p>\n<\/li>\n<li>\n<p><strong>Eliminar metadatos<\/strong>: Si no deseas que los datos de ubicaci\u00f3n sean accesibles, te sugerimos que elimines los metadatos de tus im\u00e1genes antes de subirlas. Hay diversas herramientas y programas disponibles que permiten eliminar los metadatos EXIF de las im\u00e1genes.<\/p>\n<\/li>\n<\/ol>\n<p><!-- \/wp:paragraph --><!-- wp:heading --><\/p>\n<h2>Pol\u00edtica de Cookies<\/h2>\n<p>\u00a0<\/p>\n<p>En nuestro sitio web utilizamos <strong>cookies<\/strong> para mejorar la experiencia de navegaci\u00f3n y para personalizar el contenido y los anuncios. Las cookies son peque\u00f1os archivos que se almacenan en tu dispositivo mientras navegas por el sitio. A continuaci\u00f3n te explicamos c\u00f3mo usamos las cookies en nuestro sitio:<\/p>\n<ol>\n<li>\n<p><strong>Cookies de Comentarios<\/strong>: Si dejas un comentario en nuestro sitio, puedes optar por <strong>guardar tu nombre, correo electr\u00f3nico y direcci\u00f3n web en cookies<\/strong>. Esto es para tu conveniencia, de modo que no tengas que volver a llenar tus detalles cada vez que dejes un comentario. <strong>Estas cookies durar\u00e1n un a\u00f1o.<\/strong><\/p>\n<\/li>\n<li>\n<p><strong>Cookies Temporales<\/strong>: Cuando visitas nuestra p\u00e1gina, podemos establecer una <strong>cookie temporal<\/strong> para determinar si tu navegador acepta cookies. <strong>Esta cookie no contiene datos personales<\/strong> y se elimina cuando cierras el navegador.<\/p>\n<\/li>\n<li>\n<p><strong>Cookies de Preferencias de Pantalla<\/strong>: En caso de que personalices la visualizaci\u00f3n del contenido o la interfaz de nuestro sitio, podemos guardar una <strong>cookie para recordar tus preferencias de pantalla<\/strong>. Estas cookies durar\u00e1n hasta un <strong>a\u00f1o<\/strong>.<\/p>\n<\/li>\n<li>\n<p><strong>Cookies de Edici\u00f3n y Publicaci\u00f3n<\/strong>: Si eres un usuario autorizado y editas o publicas contenido en el sitio (por ejemplo, en un formulario de testimonio), se guardar\u00e1 <strong>una cookie adicional<\/strong> en tu navegador. <strong>Esta cookie no contiene datos personales<\/strong>, solo indica el ID del art\u00edculo que acabas de editar. Esta cookie se elimina despu\u00e9s de <strong>un d\u00eda<\/strong>.<\/p>\n<\/li>\n<\/ol>\n<h2>Control de Cookies<\/h2>\n<p>Puedes <strong>configurar tu navegador<\/strong> para aceptar o rechazar cookies, o para que te avise cuando se vayan a almacenar cookies. Si no deseas que se almacenen cookies, puedes desactivarlas desde la configuraci\u00f3n de tu navegador. Ten en cuenta que, si desactivas las cookies, algunas partes del sitio pueden no funcionar correctamente.<\/p>\n<p>\u00a0<\/p>\n<p><!-- \/wp:paragraph --><!-- wp:heading --><\/p>\n<h2 class=\"wp-block-heading\">Contenido inscrustado de otros sitios<\/h2>\n<p><!-- \/wp:heading --><!-- wp:paragraph --><\/p>\n<p>Algunas de las p\u00e1ginas de nuestro sitio pueden incluir <strong>contenido incrustado<\/strong> de otras p\u00e1ginas web, como <strong>videos, im\u00e1genes, art\u00edculos o publicaciones<\/strong> (por ejemplo, de YouTube, Instagram, Vimeo, etc.). Este contenido se comporta de la misma manera que si hubieras visitado directamente el sitio web desde el cual proviene.<\/p>\n<p>Es importante tener en cuenta lo siguiente:<\/p>\n<ol>\n<li>\n<p><strong>Recopilaci\u00f3n de datos por terceros<\/strong>: Estos sitios web de terceros pueden <strong>recopilar datos sobre ti<\/strong>, utilizar <strong>cookies<\/strong> y <strong>realizar un seguimiento de tu interacci\u00f3n<\/strong> con el contenido incrustado. Esto incluye el <strong>seguimiento de tu interacci\u00f3n<\/strong> con el contenido incrustado, incluso si tienes una cuenta en ese sitio y est\u00e1s <strong>conectado a esa cuenta<\/strong>.<\/p>\n<\/li>\n<li>\n<p><strong>Cookies y seguimiento<\/strong>: Los sitios que incrustan contenido en nuestro sitio pueden usar <strong>cookies adicionales<\/strong> y tecnolog\u00edas de seguimiento para analizar c\u00f3mo interact\u00faas con ese contenido. Esta actividad no est\u00e1 bajo nuestro control, por lo que te recomendamos que revises las <strong>pol\u00edticas de privacidad<\/strong> de esos sitios para comprender mejor c\u00f3mo gestionan tus datos.<\/p>\n<\/li>\n<\/ol>\n<h2>Contenido Incrustado de Otras P\u00e1ginas (Videos de YouTube)<\/h2>\n<p>En algunas p\u00e1ginas de nuestro sitio, es posible que encuentres <strong>contenido incrustado de otras p\u00e1ginas web<\/strong>, como <strong>videos de YouTube<\/strong>. Este contenido se comporta de la misma manera que si hubieras visitado directamente la p\u00e1gina de YouTube, lo que significa que <strong>YouTube puede recopilar datos sobre ti<\/strong>, <strong>usar cookies<\/strong> y <strong>realizar un seguimiento de tu interacci\u00f3n<\/strong> con el video incrustado.<\/p>\n<p><strong>YouTube<\/strong> es una plataforma de propiedad de <strong>Google<\/strong> y, al interactuar con su contenido, debes tener en cuenta lo siguiente:<\/p>\n<ol>\n<li>\n<p><strong>Recopilaci\u00f3n de datos por YouTube<\/strong>: YouTube (y Google) pueden <strong>recopilar datos<\/strong> como tu <strong>direcci\u00f3n IP<\/strong>, el <strong>tipo de navegador<\/strong> que est\u00e1s utilizando y los <strong>detalles de tu interacci\u00f3n<\/strong> con el video incrustado (por ejemplo, si lo miras, lo compartes o dejas un comentario).<\/p>\n<\/li>\n<li>\n<p><strong>Cookies y seguimiento<\/strong>: Al ver un video de YouTube incrustado en nuestro sitio, se pueden <strong>establecer cookies de YouTube<\/strong> y <strong>Google<\/strong> en tu navegador, las cuales pueden usarse para realizar un seguimiento de tu actividad. Esto incluye <strong>seguimiento a trav\u00e9s de anuncios<\/strong>, <strong>recomendaciones de contenido<\/strong> y an\u00e1lisis de tu interacci\u00f3n con los videos.<\/p>\n<\/li>\n<li>\n<p><strong>Pol\u00edtica de privacidad de YouTube<\/strong>: Si deseas obtener m\u00e1s informaci\u00f3n sobre c\u00f3mo YouTube (y Google) recopilan y usan tus datos, te recomendamos leer su <a target=\"_new\" rel=\"noopener\"><strong>Pol\u00edtica de Privacidad<\/strong><\/a> y su <a target=\"_new\" rel=\"noopener\"><strong>Pol\u00edtica de cookies<\/strong><\/a>.<\/p>\n<\/li>\n<\/ol>\n<h2>Contenido Incrustado de Otras P\u00e1ginas (Google Maps)<\/h2>\n<p>En algunas p\u00e1ginas de nuestro sitio, utilizamos <strong>Google Maps<\/strong> para mostrar ubicaciones y facilitar la navegaci\u00f3n de nuestros usuarios. Este contenido incrustado de Google Maps se comporta de la misma manera que si hubieras visitado directamente el sitio de <strong>Google Maps<\/strong>, lo que significa que <strong>Google<\/strong> puede recopilar datos sobre ti, <strong>utilizar cookies<\/strong> y <strong>realizar un seguimiento de tu interacci\u00f3n<\/strong> con el mapa incrustado.<\/p>\n<p>Al interactuar con los mapas de Google en nuestro sitio, ten en cuenta lo siguiente:<\/p>\n<ol>\n<li>\n<p><strong>Recopilaci\u00f3n de datos por Google<\/strong>: Google puede <strong>recopilar datos<\/strong> como tu <strong>direcci\u00f3n IP<\/strong>, la <strong>ubicaci\u00f3n geogr\u00e1fica<\/strong> (si has habilitado el acceso a la ubicaci\u00f3n en tu dispositivo), el <strong>tipo de navegador<\/strong> y la <strong>actividad de navegaci\u00f3n<\/strong> mientras interact\u00faas con el mapa. Esto incluye, por ejemplo, el <strong>zoom<\/strong> del mapa, el <strong>movimiento del mapa<\/strong>, o la <strong>b\u00fasqueda de ubicaciones<\/strong> dentro del mapa.<\/p>\n<\/li>\n<li>\n<p><strong>Cookies y seguimiento<\/strong>: Google utiliza <strong>cookies y tecnolog\u00edas de seguimiento<\/strong> para analizar c\u00f3mo los usuarios interact\u00faan con el contenido de Google Maps. Esto incluye el seguimiento de tu ubicaci\u00f3n si has habilitado el acceso a la misma en tu dispositivo o navegador.<\/p>\n<\/li>\n<li>\n<p><strong>Pol\u00edtica de privacidad de Google<\/strong>: Te recomendamos leer la <strong><a target=\"_new\" rel=\"noopener\">Pol\u00edtica de Privacidad de Google<\/a><\/strong> y la <strong><a target=\"_new\" rel=\"noopener\">Pol\u00edtica de cookies de Google<\/a><\/strong> para entender mejor c\u00f3mo Google recopila, usa y comparte tus datos.<\/p>\n<\/li>\n<\/ol>\n<h2 class=\"wp-block-heading\">\u00bfCon qui\u00e9n compartimos tus datos?<\/h2>\n<p>\u00a0<\/p>\n<p><!-- \/wp:heading --><!-- wp:paragraph --><\/p>\n<p>En general, <strong>no compartimos tus datos personales<\/strong> con terceros, salvo en los siguientes casos:<\/p>\n<ol>\n<li>\n<p><strong>Servicios de an\u00e1lisis<\/strong>: Podemos compartir datos <strong>anonimizados<\/strong> de usuarios con <strong>herramientas de an\u00e1lisis<\/strong> (como Google Analytics) para ayudarnos a mejorar el sitio web y entender c\u00f3mo los usuarios interact\u00faan con el contenido.<\/p>\n<\/li>\n<li>\n<p><strong>Plataformas de comentarios y servicios anti-spam<\/strong>: Si dejas un comentario en nuestro sitio, es posible que utilicemos un <strong>servicio de detecci\u00f3n de spam<\/strong> como <strong>Akismet<\/strong>. Esto significa que los datos que proporcionas al dejar un comentario, como tu nombre, correo electr\u00f3nico y la direcci\u00f3n IP, pueden ser enviados a estos servicios para verificar que no sean comentarios de spam.<\/p>\n<\/li>\n<li>\n<p><strong>Procesadores de pagos<\/strong>: Si en el futuro ofrecemos productos o servicios de pago en nuestro sitio, compartiremos tus datos con <strong>procesadores de pagos<\/strong> (como PayPal o Stripe) para realizar transacciones de forma segura. Estos procesadores est\u00e1n sujetos a sus propias pol\u00edticas de privacidad y, por lo general, no retendr\u00e1n ni compartir\u00e1n tu informaci\u00f3n m\u00e1s all\u00e1 de lo necesario para completar la transacci\u00f3n.<\/p>\n<\/li>\n<li>\n<p><strong>Cumplimiento legal<\/strong>: Podemos compartir tus datos con las <strong>autoridades competentes<\/strong> si es necesario para cumplir con la ley, regulaciones o para proteger nuestros derechos, los de nuestros usuarios o de otras personas.<\/p>\n<\/li>\n<\/ol>\n<p><!-- \/wp:paragraph --><!-- wp:heading --><\/p>\n<h2 class=\"wp-block-heading\">\u00bfCu\u00e1nto tiempo retenemos tus datos?<\/h2>\n<p><!-- \/wp:heading --><!-- wp:paragraph --><\/p>\n<p>Si dejas un comentario en nuestro sitio, <strong>el comentario y sus metadatos<\/strong> se retienen de forma <strong>indefinida<\/strong>. Esto se hace para poder <strong>reconocer<\/strong> y <strong>aprobar autom\u00e1ticamente<\/strong> cualquier comentario de seguimiento, en lugar de tener que mantenerlos en una cola de moderaci\u00f3n.<\/p>\n<p>Si <strong>creas una cuenta<\/strong> en nuestro sitio y proporcionas datos personales (como nombre, correo electr\u00f3nico, etc.), <strong>tambi\u00e9n retenemos esa informaci\u00f3n<\/strong> en tu perfil de usuario. <strong>Los datos que proporcionas al registrarte<\/strong>, como tu nombre, correo electr\u00f3nico y cualquier otra informaci\u00f3n en tu perfil, son almacenados de forma segura.<\/p>\n<p>Los usuarios registrados pueden <strong>ver, editar o eliminar su informaci\u00f3n personal<\/strong> en cualquier momento desde su perfil, <strong>excepto el nombre de usuario<\/strong>, que no se puede cambiar.<\/p>\n<p>Los <strong>administradores del sitio<\/strong> tambi\u00e9n pueden <strong>ver y editar<\/strong> la informaci\u00f3n proporcionada por los usuarios.<\/p>\n<p>En ambos casos (comentarios y cuentas de usuario), los datos se conservan <strong>mientras sea necesario<\/strong> para los fines del sitio, como moderaci\u00f3n de comentarios o gesti\u00f3n de cuentas.<\/p>\n<p>\u00a0<\/p>\n<p><!-- \/wp:paragraph --><!-- wp:heading --><\/p>\n<h2 class=\"wp-block-heading\">\u00bfQu\u00e9 derechos tienes sobre tus datos?<\/h2>\n<p>Si has dejado un comentario en nuestro sitio, tienes derecho a <strong>acceder<\/strong> y <strong>obtener una copia<\/strong> de los datos personales que tenemos sobre ti, incluidos los datos que nos hayas proporcionado directamente. Puedes solicitar un archivo exportado con tus datos personales que tenemos en nuestro sistema.<\/p>\n<p>Adem\u00e1s, tienes derecho a <strong>solicitar la eliminaci\u00f3n<\/strong> de cualquier dato personal que tengamos sobre ti. Sin embargo, ten en cuenta que <strong>no podremos eliminar los datos<\/strong> que estamos obligados a conservar por motivos <strong>administrativos<\/strong>, <strong>legales<\/strong> o <strong>de seguridad<\/strong>.<\/p>\n<p>Si deseas ejercer alguno de estos derechos, puedes <strong>contactarnos<\/strong> a trav\u00e9s de los medios proporcionados en esta pol\u00edtica de privacidad.<\/p>\n<p>\u00a0<\/p>\n<p><!-- \/wp:paragraph --><!-- wp:heading --><\/p>\n<h2 class=\"wp-block-heading\">\u00bfDonde se env\u00edan tus datos?<\/h2>\n<p><!-- \/wp:heading --><!-- wp:paragraph --><\/p>\n<p>Los comentarios de los usuarios en nuestro sitio pueden ser <strong>verificados a trav\u00e9s de un servicio automatizado de detecci\u00f3n de spam<\/strong>. Esto significa que, cuando dejas un comentario, los datos que proporcionas (como tu nombre, correo electr\u00f3nico y contenido del comentario) pueden ser enviados y procesados por un servicio externo que verifica si el comentario es spam.<\/p>\n<p>Adem\u00e1s, ten en cuenta que otros datos de los usuarios pueden ser enviados a <strong>terceros proveedores de servicios<\/strong> que utilizamos, como plataformas de <strong>pago<\/strong> (por ejemplo, PayPal o Stripe) o <strong>herramientas de an\u00e1lisis<\/strong> (como Google Analytics) para ayudarnos a gestionar y mejorar el sitio web.<\/p>\n<p>Nos aseguramos de que estos terceros cumplan con las normativas de protecci\u00f3n de datos y los acuerdos de privacidad adecuados.<\/p>\n<p>\u00a0<\/p>\n<h2>Actualizaciones de esta Pol\u00edtica de Privacidad<\/h2>\n<p>Podemos actualizar esta pol\u00edtica de privacidad de vez en cuando para reflejar cambios en nuestras pr\u00e1cticas o por otras razones operativas, legales o regulatorias. Te recomendamos revisar esta p\u00e1gina regularmente para estar al tanto de cualquier actualizaci\u00f3n. Cualquier cambio en esta pol\u00edtica se publicar\u00e1 en el sitio web, y la fecha de la \u00faltima actualizaci\u00f3n aparecer\u00e1 al final del documento<\/p>\n<p>\u00a0<\/p>\n<h2>\u00bfC\u00f3mo contactarnos?<\/h2>\n<p>Si tienes preguntas sobre esta pol\u00edtica de privacidad o deseas ejercer tus derechos sobre tus datos personales, puedes contactarnos a trav\u00e9s del siguiente correo electr\u00f3nico: <span style=\"color: #0b6ba8;\"><b>ayunosmx@gmail.com<\/b><\/span>\u00a0o a trav\u00e9s de nuestro formulario de contacto en el sitio.<\/p>\n<p>\u00a0<\/p>\n<h2>Transferencias Internacionales de Datos<\/h2>\n<p>En algunos casos, los datos personales que recopilamos pueden ser transferidos y almacenados en servidores ubicados fuera de tu pa\u00eds de residencia. Al utilizar nuestro sitio, aceptas la transferencia de tus datos a otros pa\u00edses que pueden tener diferentes leyes de protecci\u00f3n de datos. Nos aseguramos de que cualquier transferencia internacional se realice conforme a las leyes aplicables para proteger tus derechos.<\/p>\n<h2>Seguridad de tus Datos<\/h2>\n<p>Nos comprometemos a proteger la seguridad de tus datos personales. Utilizamos medidas de seguridad adecuadas para proteger tus datos contra el acceso no autorizado, alteraci\u00f3n, divulgaci\u00f3n o destrucci\u00f3n. Sin embargo, ten en cuenta que ninguna transmisi\u00f3n de datos por internet es completamente segura, y aunque nos esforzamos por proteger tu informaci\u00f3n, no podemos garantizar su seguridad absoluta.<\/p>\n<p>\u00a0<\/p>\n<p><!-- \/wp:paragraph --><\/p>\t\t\t\t\t\t\t\t<\/div>\n\t\t\t\t<\/div>\n\t\t\t\t\t<\/div>\n\t\t\t\t<\/div>\n\t\t\t\t<\/div>","protected":false},"excerpt":{"rendered":"<p>\u00bfQui\u00e9nes Somos? Somos Ayunando y Sanando, un sitio web dedicado a ofrecer retiros de ayunos y acompa\u00f1amiento espiritual. Nuestra direcci\u00f3n web es: https:\/\/tuayunomx.com\/ \u00a0 Para cualquier consulta relacionada con la [&hellip;]<\/p>\n","protected":false},"author":1,"featured_media":0,"parent":0,"menu_order":0,"comment_status":"closed","ping_status":"open","template":"","meta":{"_coblocks_attr":"","_coblocks_dimensions":"","_coblocks_responsive_height":"","_coblocks_accordion_ie_support":"","site-sidebar-layout":"default","site-content-layout":"","ast-site-content-layout":"default","site-content-style":"default","site-sidebar-style":"default","ast-global-header-display":"","ast-banner-title-visibility":"","ast-main-header-display":"","ast-hfb-above-header-display":"","ast-hfb-below-header-display":"","ast-hfb-mobile-header-display":"","site-post-title":"","ast-breadcrumbs-content":"","ast-featured-img":"","footer-sml-layout":"","ast-disable-related-posts":"","theme-transparent-header-meta":"","adv-header-id-meta":"","stick-header-meta":"","header-above-stick-meta":"","header-main-stick-meta":"","header-below-stick-meta":"","astra-migrate-meta-layouts":"default","ast-page-background-enabled":"default","ast-page-background-meta":{"desktop":{"background-color":"var(--ast-global-color-4)","background-image":"","background-repeat":"repeat","background-position":"center center","background-size":"auto","background-attachment":"scroll","background-type":"","background-media":"","overlay-type":"","overlay-color":"","overlay-opacity":"","overlay-gradient":""},"tablet":{"background-color":"","background-image":"","background-repeat":"repeat","background-position":"center center","background-size":"auto","background-attachment":"scroll","background-type":"","background-media":"","overlay-type":"","overlay-color":"","overlay-opacity":"","overlay-gradient":""},"mobile":{"background-color":"","background-image":"","background-repeat":"repeat","background-position":"center center","background-size":"auto","background-attachment":"scroll","background-type":"","background-media":"","overlay-type":"","overlay-color":"","overlay-opacity":"","overlay-gradient":""}},"ast-content-background-meta":{"desktop":{"background-color":"var(--ast-global-color-5)","background-image":"","background-repeat":"repeat","background-position":"center center","background-size":"auto","background-attachment":"scroll","background-type":"","background-media":"","overlay-type":"","overlay-color":"","overlay-opacity":"","overlay-gradient":""},"tablet":{"background-color":"var(--ast-global-color-5)","background-image":"","background-repeat":"repeat","background-position":"center center","background-size":"auto","background-attachment":"scroll","background-type":"","background-media":"","overlay-type":"","overlay-color":"","overlay-opacity":"","overlay-gradient":""},"mobile":{"background-color":"var(--ast-global-color-5)","background-image":"","background-repeat":"repeat","background-position":"center center","background-size":"auto","background-attachment":"scroll","background-type":"","background-media":"","overlay-type":"","overlay-color":"","overlay-opacity":"","overlay-gradient":""}},"footnotes":""},"class_list":["post-3","page","type-page","status-publish","hentry"],"_links":{"self":[{"href":"https:\/\/tuayunomx.com\/en\/wp-json\/wp\/v2\/pages\/3","targetHints":{"allow":["GET"]}}],"collection":[{"href":"https:\/\/tuayunomx.com\/en\/wp-json\/wp\/v2\/pages"}],"about":[{"href":"https:\/\/tuayunomx.com\/en\/wp-json\/wp\/v2\/types\/page"}],"author":[{"embeddable":true,"href":"https:\/\/tuayunomx.com\/en\/wp-json\/wp\/v2\/users\/1"}],"replies":[{"embeddable":true,"href":"https:\/\/tuayunomx.com\/en\/wp-json\/wp\/v2\/comments?post=3"}],"version-history":[{"count":6,"href":"https:\/\/tuayunomx.com\/en\/wp-json\/wp\/v2\/pages\/3\/revisions"}],"predecessor-version":[{"id":3561,"href":"https:\/\/tuayunomx.com\/en\/wp-json\/wp\/v2\/pages\/3\/revisions\/3561"}],"wp:attachment":[{"href":"https:\/\/tuayunomx.com\/en\/wp-json\/wp\/v2\/media?parent=3"}],"curies":[{"name":"wp","href":"https:\/\/api.w.org\/{rel}","templated":true}]}}