{"id":2134,"date":"2024-07-24T12:21:31","date_gmt":"2024-07-24T18:21:31","guid":{"rendered":"https:\/\/tuayunomx.com\/?page_id=2134"},"modified":"2024-11-27T11:47:20","modified_gmt":"2024-11-27T17:47:20","slug":"ayuno-en-jalcomulco","status":"publish","type":"page","link":"https:\/\/tuayunomx.com\/en\/ayuno-en-jalcomulco\/","title":{"rendered":"Fasting in Jalcomulco"},"content":{"rendered":"<div data-elementor-type=\"wp-page\" data-elementor-id=\"2134\" class=\"elementor elementor-2134\">\n\t\t\t\t<div class=\"elementor-element elementor-element-ad67d6f e-flex e-con-boxed e-con e-parent\" data-id=\"ad67d6f\" data-element_type=\"container\" data-e-type=\"container\">\n\t\t\t\t\t<div class=\"e-con-inner\">\n\t\t<div class=\"elementor-element elementor-element-07a54ec e-con-full e-flex e-con e-child\" data-id=\"07a54ec\" data-element_type=\"container\" data-e-type=\"container\" data-settings=\"{&quot;background_background&quot;:&quot;classic&quot;}\">\n\t\t<div class=\"elementor-element elementor-element-c0d4a62 e-con-full e-flex e-con e-child\" data-id=\"c0d4a62\" data-element_type=\"container\" data-e-type=\"container\">\n\t\t\t\t<div class=\"elementor-element elementor-element-52f7670 elementor-widget elementor-widget-heading\" data-id=\"52f7670\" data-element_type=\"widget\" data-e-type=\"widget\" data-widget_type=\"heading.default\">\n\t\t\t\t<div class=\"elementor-widget-container\">\n\t\t\t\t\t<h2 class=\"elementor-heading-title elementor-size-default\">Fasting in Jalcomulco, Veracruz<\/h2>\t\t\t\t<\/div>\n\t\t\t\t<\/div>\n\t\t\t\t<\/div>\n\t\t\t\t<\/div>\n\t\t\t\t\t<\/div>\n\t\t\t\t<\/div>\n\t\t<div class=\"elementor-element elementor-element-41af6cc e-flex e-con-boxed e-con e-parent\" data-id=\"41af6cc\" data-element_type=\"container\" data-e-type=\"container\">\n\t\t\t\t\t<div class=\"e-con-inner\">\n\t\t<div class=\"elementor-element elementor-element-2788547 e-con-full e-flex e-con e-child\" data-id=\"2788547\" data-element_type=\"container\" data-e-type=\"container\">\n\t\t\t\t<div class=\"elementor-element elementor-element-c685005 elementor-widget elementor-widget-text-editor\" data-id=\"c685005\" data-element_type=\"widget\" data-e-type=\"widget\" data-widget_type=\"text-editor.default\">\n\t\t\t\t<div class=\"elementor-widget-container\">\n\t\t\t\t\t\t\t\t\t<p>Jalcomulco is a picturesque village nestled in the mountainous region of Veracruz, Mexico. Known for its vibrant culture and stunning natural environment, Jalcomulco is the perfect destination for those looking for an authentic and adventure-filled getaway. Its name Nahuatl means place where the sand gathers, and it is not difficult to see why, as the landscape is adorned with crystal clear rivers, lush vegetation and majestic mountains.<\/p>\t\t\t\t\t\t\t\t<\/div>\n\t\t\t\t<\/div>\n\t\t\t\t<\/div>\n\t\t\t\t\t<\/div>\n\t\t\t\t<\/div>\n\t\t<div class=\"elementor-element elementor-element-249f59a e-flex e-con-boxed e-con e-parent\" data-id=\"249f59a\" data-element_type=\"container\" data-e-type=\"container\">\n\t\t\t\t\t<div class=\"e-con-inner\">\n\t\t<div class=\"elementor-element elementor-element-a9ceb2b e-con-full e-flex e-con e-child\" data-id=\"a9ceb2b\" data-element_type=\"container\" data-e-type=\"container\">\n\t\t<div class=\"elementor-element elementor-element-3440c28 e-con-full e-flex e-con e-child\" data-id=\"3440c28\" data-element_type=\"container\" data-e-type=\"container\">\n\t\t\t\t<div class=\"elementor-element elementor-element-68b809a elementor-widget elementor-widget-heading\" data-id=\"68b809a\" data-element_type=\"widget\" data-e-type=\"widget\" data-widget_type=\"heading.default\">\n\t\t\t\t<div class=\"elementor-widget-container\">\n\t\t\t\t\t<h2 class=\"elementor-heading-title elementor-size-default\">Views and Landscapes<\/h2>\t\t\t\t<\/div>\n\t\t\t\t<\/div>\n\t\t\t\t<div class=\"elementor-element elementor-element-faaf842 elementor-widget elementor-widget-text-editor\" data-id=\"faaf842\" data-element_type=\"widget\" data-e-type=\"widget\" data-widget_type=\"text-editor.default\">\n\t\t\t\t<div class=\"elementor-widget-container\">\n\t\t\t\t\t\t\t\t\t<p>The Pescados River is one of the main attractions of Jalcomulco, offering a natural environment that fascinates visitors. Its clear and fresh waters are ideal for rafting, one of the most popular activities in the region. The river is surrounded by lush vegetation and rock formations that create a spectacular landscape. The combination of the green of the forests with the crystalline blue of the water offers views that seem to be taken from a postcard.<\/p>\t\t\t\t\t\t\t\t<\/div>\n\t\t\t\t<\/div>\n\t\t\t\t<\/div>\n\t\t<div class=\"elementor-element elementor-element-9118592 e-con-full e-flex e-con e-child\" data-id=\"9118592\" data-element_type=\"container\" data-e-type=\"container\">\n\t\t\t\t<div class=\"elementor-element elementor-element-a20a87e elementor-widget elementor-widget-image\" data-id=\"a20a87e\" data-element_type=\"widget\" data-e-type=\"widget\" data-widget_type=\"image.default\">\n\t\t\t\t<div class=\"elementor-widget-container\">\n\t\t\t\t\t\t\t\t\t\t\t\t\t\t\t<img fetchpriority=\"high\" decoding=\"async\" width=\"1024\" height=\"768\" src=\"https:\/\/tuayunomx.com\/wp-content\/uploads\/2024\/08\/Vane-Cano.pdf-image-009.jpg\" class=\"attachment-large size-large wp-image-2519\" alt=\"\" srcset=\"https:\/\/tuayunomx.com\/wp-content\/uploads\/2024\/08\/Vane-Cano.pdf-image-009.jpg 1024w, https:\/\/tuayunomx.com\/wp-content\/uploads\/2024\/08\/Vane-Cano.pdf-image-009-300x225.jpg 300w, https:\/\/tuayunomx.com\/wp-content\/uploads\/2024\/08\/Vane-Cano.pdf-image-009-768x576.jpg 768w, https:\/\/tuayunomx.com\/wp-content\/uploads\/2024\/08\/Vane-Cano.pdf-image-009-600x450.jpg 600w\" sizes=\"(max-width: 1024px) 100vw, 1024px\" \/>\t\t\t\t\t\t\t\t\t\t\t\t\t\t\t<\/div>\n\t\t\t\t<\/div>\n\t\t\t\t<\/div>\n\t\t\t\t<\/div>\n\t\t\t\t\t<\/div>\n\t\t\t\t<\/div>\n\t\t<div class=\"elementor-element elementor-element-113b90b e-flex e-con-boxed e-con e-parent\" data-id=\"113b90b\" data-element_type=\"container\" data-e-type=\"container\">\n\t\t\t\t\t<div class=\"e-con-inner\">\n\t\t<div class=\"elementor-element elementor-element-2258912 e-con-full e-flex e-con e-child\" data-id=\"2258912\" data-element_type=\"container\" data-e-type=\"container\">\n\t\t\t\t<div class=\"elementor-element elementor-element-40401b7 elementor-widget elementor-widget-heading\" data-id=\"40401b7\" data-element_type=\"widget\" data-e-type=\"widget\" data-widget_type=\"heading.default\">\n\t\t\t\t<div class=\"elementor-widget-container\">\n\t\t\t\t\t<h2 class=\"elementor-heading-title elementor-size-default\">Attractions and Activities<\/h2>\t\t\t\t<\/div>\n\t\t\t\t<\/div>\n\t\t<div class=\"elementor-element elementor-element-ee7c445 e-con-full e-flex e-con e-child\" data-id=\"ee7c445\" data-element_type=\"container\" data-e-type=\"container\">\n\t\t<div class=\"elementor-element elementor-element-f48716e e-con-full e-flex e-con e-child\" data-id=\"f48716e\" data-element_type=\"container\" data-e-type=\"container\">\n\t\t\t\t<div class=\"elementor-element elementor-element-ac508e6 elementor-widget elementor-widget-heading\" data-id=\"ac508e6\" data-element_type=\"widget\" data-e-type=\"widget\" data-widget_type=\"heading.default\">\n\t\t\t\t<div class=\"elementor-widget-container\">\n\t\t\t\t\t<h2 class=\"elementor-heading-title elementor-size-default\">Rafting in the River Fish:<\/h2>\t\t\t\t<\/div>\n\t\t\t\t<\/div>\n\t\t\t\t<div class=\"elementor-element elementor-element-100be3d elementor-widget elementor-widget-text-editor\" data-id=\"100be3d\" data-element_type=\"widget\" data-e-type=\"widget\" data-widget_type=\"text-editor.default\">\n\t\t\t\t<div class=\"elementor-widget-container\">\n\t\t\t\t\t\t\t\t\t<p>Jalcomulco is famous for its exciting rafting routes. The fasts of the river offer an adrenaline-filled experience and are suitable for all levels, from beginners to experts.<\/p>\t\t\t\t\t\t\t\t<\/div>\n\t\t\t\t<\/div>\n\t\t\t\t<div class=\"elementor-element elementor-element-3296300 elementor-widget elementor-widget-image\" data-id=\"3296300\" data-element_type=\"widget\" data-e-type=\"widget\" data-widget_type=\"image.default\">\n\t\t\t\t<div class=\"elementor-widget-container\">\n\t\t\t\t\t\t\t\t\t\t\t\t\t\t\t<img decoding=\"async\" width=\"1024\" height=\"770\" src=\"https:\/\/tuayunomx.com\/wp-content\/uploads\/2024\/08\/Menu-Actividades-2023.pdf-image-000-1024x770.jpg\" class=\"attachment-large size-large wp-image-2527\" alt=\"\" srcset=\"https:\/\/tuayunomx.com\/wp-content\/uploads\/2024\/08\/Menu-Actividades-2023.pdf-image-000-1024x770.jpg 1024w, https:\/\/tuayunomx.com\/wp-content\/uploads\/2024\/08\/Menu-Actividades-2023.pdf-image-000-300x225.jpg 300w, https:\/\/tuayunomx.com\/wp-content\/uploads\/2024\/08\/Menu-Actividades-2023.pdf-image-000-768x577.jpg 768w, https:\/\/tuayunomx.com\/wp-content\/uploads\/2024\/08\/Menu-Actividades-2023.pdf-image-000-600x451.jpg 600w, https:\/\/tuayunomx.com\/wp-content\/uploads\/2024\/08\/Menu-Actividades-2023.pdf-image-000.jpg 1465w\" sizes=\"(max-width: 1024px) 100vw, 1024px\" \/>\t\t\t\t\t\t\t\t\t\t\t\t\t\t\t<\/div>\n\t\t\t\t<\/div>\n\t\t\t\t<\/div>\n\t\t<div class=\"elementor-element elementor-element-7eb6ce8 e-con-full e-flex e-con e-child\" data-id=\"7eb6ce8\" data-element_type=\"container\" data-e-type=\"container\">\n\t\t\t\t<div class=\"elementor-element elementor-element-d4c8e54 elementor-widget elementor-widget-heading\" data-id=\"d4c8e54\" data-element_type=\"widget\" data-e-type=\"widget\" data-widget_type=\"heading.default\">\n\t\t\t\t<div class=\"elementor-widget-container\">\n\t\t\t\t\t<h2 class=\"elementor-heading-title elementor-size-default\">Hiking and Nature:<\/h2>\t\t\t\t<\/div>\n\t\t\t\t<\/div>\n\t\t\t\t<div class=\"elementor-element elementor-element-ebd5e08 elementor-widget elementor-widget-text-editor\" data-id=\"ebd5e08\" data-element_type=\"widget\" data-e-type=\"widget\" data-widget_type=\"text-editor.default\">\n\t\t\t\t<div class=\"elementor-widget-container\">\n\t\t\t\t\t\t\t\t\t<p>The surroundings of the village are dotted with trails that invite nature lovers to explore. The tours make it possible to appreciate the local biodiversity, from majestic trees to exotic birds.<\/p>\t\t\t\t\t\t\t\t<\/div>\n\t\t\t\t<\/div>\n\t\t\t\t<div class=\"elementor-element elementor-element-401060f elementor-widget elementor-widget-image\" data-id=\"401060f\" data-element_type=\"widget\" data-e-type=\"widget\" data-widget_type=\"image.default\">\n\t\t\t\t<div class=\"elementor-widget-container\">\n\t\t\t\t\t\t\t\t\t\t\t\t\t\t\t<img decoding=\"async\" width=\"350\" height=\"234\" src=\"https:\/\/tuayunomx.com\/wp-content\/uploads\/2024\/08\/Menu-Actividades-2023.pdf-image-010.jpg\" class=\"attachment-large size-large wp-image-2529\" alt=\"\" srcset=\"https:\/\/tuayunomx.com\/wp-content\/uploads\/2024\/08\/Menu-Actividades-2023.pdf-image-010.jpg 350w, https:\/\/tuayunomx.com\/wp-content\/uploads\/2024\/08\/Menu-Actividades-2023.pdf-image-010-300x201.jpg 300w\" sizes=\"(max-width: 350px) 100vw, 350px\" \/>\t\t\t\t\t\t\t\t\t\t\t\t\t\t\t<\/div>\n\t\t\t\t<\/div>\n\t\t\t\t<\/div>\n\t\t<div class=\"elementor-element elementor-element-bbd30e1 e-con-full e-flex e-con e-child\" data-id=\"bbd30e1\" data-element_type=\"container\" data-e-type=\"container\">\n\t\t\t\t<div class=\"elementor-element elementor-element-f869236 elementor-widget elementor-widget-heading\" data-id=\"f869236\" data-element_type=\"widget\" data-e-type=\"widget\" data-widget_type=\"heading.default\">\n\t\t\t\t<div class=\"elementor-widget-container\">\n\t\t\t\t\t<h2 class=\"elementor-heading-title elementor-size-default\">Local culture:<\/h2>\t\t\t\t<\/div>\n\t\t\t\t<\/div>\n\t\t\t\t<div class=\"elementor-element elementor-element-7696726 elementor-widget elementor-widget-text-editor\" data-id=\"7696726\" data-element_type=\"widget\" data-e-type=\"widget\" data-widget_type=\"text-editor.default\">\n\t\t\t\t<div class=\"elementor-widget-container\">\n\t\t\t\t\t\t\t\t\t<p>The people themselves are a reflection of the rich Veracruz culture. Its cobbled streets and vibrant coloured houses create a cozy atmosphere. Don't miss the opportunity of the hospitality of its inhabitants.<\/p>\t\t\t\t\t\t\t\t<\/div>\n\t\t\t\t<\/div>\n\t\t\t\t<div class=\"elementor-element elementor-element-03442b1 elementor-widget elementor-widget-image\" data-id=\"03442b1\" data-element_type=\"widget\" data-e-type=\"widget\" data-widget_type=\"image.default\">\n\t\t\t\t<div class=\"elementor-widget-container\">\n\t\t\t\t\t\t\t\t\t\t\t\t\t\t\t<img loading=\"lazy\" decoding=\"async\" width=\"1024\" height=\"768\" src=\"https:\/\/tuayunomx.com\/wp-content\/uploads\/2024\/08\/Vane-Cano.pdf-image-006.jpg\" class=\"attachment-large size-large wp-image-2528\" alt=\"\" srcset=\"https:\/\/tuayunomx.com\/wp-content\/uploads\/2024\/08\/Vane-Cano.pdf-image-006.jpg 1024w, https:\/\/tuayunomx.com\/wp-content\/uploads\/2024\/08\/Vane-Cano.pdf-image-006-300x225.jpg 300w, https:\/\/tuayunomx.com\/wp-content\/uploads\/2024\/08\/Vane-Cano.pdf-image-006-768x576.jpg 768w, https:\/\/tuayunomx.com\/wp-content\/uploads\/2024\/08\/Vane-Cano.pdf-image-006-600x450.jpg 600w\" sizes=\"(max-width: 1024px) 100vw, 1024px\" \/>\t\t\t\t\t\t\t\t\t\t\t\t\t\t\t<\/div>\n\t\t\t\t<\/div>\n\t\t\t\t<\/div>\n\t\t\t\t<\/div>\n\t\t\t\t<\/div>\n\t\t\t\t\t<\/div>\n\t\t\t\t<\/div>\n\t\t<div class=\"elementor-element elementor-element-2f6ac51 e-flex e-con-boxed e-con e-parent\" data-id=\"2f6ac51\" data-element_type=\"container\" data-e-type=\"container\">\n\t\t\t\t\t<div class=\"e-con-inner\">\n\t\t<div class=\"elementor-element elementor-element-7d5d940 e-con-full e-flex e-con e-child\" data-id=\"7d5d940\" data-element_type=\"container\" data-e-type=\"container\">\n\t\t\t\t<div class=\"elementor-element elementor-element-0ef3009 elementor-widget elementor-widget-heading\" data-id=\"0ef3009\" data-element_type=\"widget\" data-e-type=\"widget\" data-widget_type=\"heading.default\">\n\t\t\t\t<div class=\"elementor-widget-container\">\n\t\t\t\t\t<h2 class=\"elementor-heading-title elementor-size-default\">Cultural Attractions<\/h2>\t\t\t\t<\/div>\n\t\t\t\t<\/div>\n\t\t<div class=\"elementor-element elementor-element-dbd0d35 e-con-full e-flex e-con e-child\" data-id=\"dbd0d35\" data-element_type=\"container\" data-e-type=\"container\">\n\t\t<div class=\"elementor-element elementor-element-43607ec e-con-full e-flex e-con e-child\" data-id=\"43607ec\" data-element_type=\"container\" data-e-type=\"container\">\n\t\t\t\t<div class=\"elementor-element elementor-element-9e86853 elementor-widget elementor-widget-heading\" data-id=\"9e86853\" data-element_type=\"widget\" data-e-type=\"widget\" data-widget_type=\"heading.default\">\n\t\t\t\t<div class=\"elementor-widget-container\">\n\t\t\t\t\t<h2 class=\"elementor-heading-title elementor-size-default\">Celebrations and Traditions:<\/h2>\t\t\t\t<\/div>\n\t\t\t\t<\/div>\n\t\t\t\t<div class=\"elementor-element elementor-element-ef50b1d elementor-widget elementor-widget-text-editor\" data-id=\"ef50b1d\" data-element_type=\"widget\" data-e-type=\"widget\" data-widget_type=\"text-editor.default\">\n\t\t\t\t<div class=\"elementor-widget-container\">\n\t\t\t\t\t\t\t\t\t<p>Jalcomulco celebrates various festivities throughout the year, including traditional festivals including music, dance and typical gastronomy. The River Festival, for example, is a popular event that highlights the relationship of the people with the river and its importance in local life.<\/p>\t\t\t\t\t\t\t\t<\/div>\n\t\t\t\t<\/div>\n\t\t\t\t<\/div>\n\t\t<div class=\"elementor-element elementor-element-d0b50ee e-con-full e-flex e-con e-child\" data-id=\"d0b50ee\" data-element_type=\"container\" data-e-type=\"container\">\n\t\t\t\t<div class=\"elementor-element elementor-element-96cb0db elementor-widget elementor-widget-heading\" data-id=\"96cb0db\" data-element_type=\"widget\" data-e-type=\"widget\" data-widget_type=\"heading.default\">\n\t\t\t\t<div class=\"elementor-widget-container\">\n\t\t\t\t\t<h2 class=\"elementor-heading-title elementor-size-default\">Local Craftsmanship:<\/h2>\t\t\t\t<\/div>\n\t\t\t\t<\/div>\n\t\t\t\t<div class=\"elementor-element elementor-element-75c55d2 elementor-widget elementor-widget-text-editor\" data-id=\"75c55d2\" data-element_type=\"widget\" data-e-type=\"widget\" data-widget_type=\"text-editor.default\">\n\t\t\t\t<div class=\"elementor-widget-container\">\n\t\t\t\t\t\t\t\t\t<p>The artisans of Jalcomulco produce a variety of artisan products, from textiles to ceramics, which reflect the cultural heritage of the region. These items are perfect to wear as memories or gifts.<\/p>\t\t\t\t\t\t\t\t<\/div>\n\t\t\t\t<\/div>\n\t\t\t\t<\/div>\n\t\t\t\t<\/div>\n\t\t\t\t<\/div>\n\t\t\t\t\t<\/div>\n\t\t\t\t<\/div>\n\t\t<div class=\"elementor-element elementor-element-b158b1d e-flex e-con-boxed e-con e-parent\" data-id=\"b158b1d\" data-element_type=\"container\" data-e-type=\"container\">\n\t\t\t\t\t<div class=\"e-con-inner\">\n\t\t<div class=\"elementor-element elementor-element-a4f5526 e-con-full e-flex e-con e-child\" data-id=\"a4f5526\" data-element_type=\"container\" data-e-type=\"container\">\n\t\t<div class=\"elementor-element elementor-element-b4d15c6 e-con-full e-flex e-con e-child\" data-id=\"b4d15c6\" data-element_type=\"container\" data-e-type=\"container\">\n\t\t<div class=\"elementor-element elementor-element-eef7c7f e-con-full e-flex e-con e-child\" data-id=\"eef7c7f\" data-element_type=\"container\" data-e-type=\"container\">\n\t\t\t\t<div class=\"elementor-element elementor-element-f2093f5 elementor-widget elementor-widget-heading\" data-id=\"f2093f5\" data-element_type=\"widget\" data-e-type=\"widget\" data-widget_type=\"heading.default\">\n\t\t\t\t<div class=\"elementor-widget-container\">\n\t\t\t\t\t<h2 class=\"elementor-heading-title elementor-size-default\">Know our retreats<\/h2>\t\t\t\t<\/div>\n\t\t\t\t<\/div>\n\t\t\t\t<\/div>\n\t\t<div class=\"elementor-element elementor-element-49e7e2a e-con-full e-flex e-con e-child\" data-id=\"49e7e2a\" data-element_type=\"container\" data-e-type=\"container\">\n\t\t<div class=\"elementor-element elementor-element-a58f263 e-con-full e-flex e-con e-child\" data-id=\"a58f263\" data-element_type=\"container\" data-e-type=\"container\">\n\t\t\t\t<div class=\"elementor-element elementor-element-80ee46d elementor-align-center elementor-widget elementor-widget-button\" data-id=\"80ee46d\" data-element_type=\"widget\" data-e-type=\"widget\" data-widget_type=\"button.default\">\n\t\t\t\t<div class=\"elementor-widget-container\">\n\t\t\t\t\t\t\t\t\t<div class=\"elementor-button-wrapper\">\n\t\t\t\t\t<a class=\"elementor-button elementor-button-link elementor-size-sm\" href=\"https:\/\/tuayunomx.com\/en\/event\/hotel-de-aventura-picocanoa-rodavento-jalcomulco-veracruz\/\">\n\t\t\t\t\t\t<span class=\"elementor-button-content-wrapper\">\n\t\t\t\t\t\t\t\t\t<span class=\"elementor-button-text\">Retreat of fasting<\/span>\n\t\t\t\t\t<\/span>\n\t\t\t\t\t<\/a>\n\t\t\t\t<\/div>\n\t\t\t\t\t\t\t\t<\/div>\n\t\t\t\t<\/div>\n\t\t\t\t<\/div>\n\t\t<div class=\"elementor-element elementor-element-e37eb58 e-con-full e-flex e-con e-child\" data-id=\"e37eb58\" data-element_type=\"container\" data-e-type=\"container\">\n\t\t\t\t<div class=\"elementor-element elementor-element-0ddc8ed elementor-align-center elementor-widget elementor-widget-button\" data-id=\"0ddc8ed\" data-element_type=\"widget\" data-e-type=\"widget\" data-widget_type=\"button.default\">\n\t\t\t\t<div class=\"elementor-widget-container\">\n\t\t\t\t\t\t\t\t\t<div class=\"elementor-button-wrapper\">\n\t\t\t\t\t<a class=\"elementor-button elementor-button-link elementor-size-sm\" href=\"https:\/\/tuayunomx.com\/en\/event\/detox-hotel-aventura-picocanoa\/\">\n\t\t\t\t\t\t<span class=\"elementor-button-content-wrapper\">\n\t\t\t\t\t\t\t\t\t<span class=\"elementor-button-text\">DETOX Retreat <\/span>\n\t\t\t\t\t<\/span>\n\t\t\t\t\t<\/a>\n\t\t\t\t<\/div>\n\t\t\t\t\t\t\t\t<\/div>\n\t\t\t\t<\/div>\n\t\t\t\t<\/div>\n\t\t\t\t<\/div>\n\t\t\t\t<\/div>\n\t\t\t\t<\/div>\n\t\t\t\t\t<\/div>\n\t\t\t\t<\/div>\n\t\t<div class=\"elementor-element elementor-element-554de58 e-flex e-con-boxed e-con e-parent\" data-id=\"554de58\" data-element_type=\"container\" data-e-type=\"container\">\n\t\t\t\t\t<div class=\"e-con-inner\">\n\t\t\t\t<div class=\"elementor-element elementor-element-08f00fb elementor-align-center elementor-widget elementor-widget-button\" data-id=\"08f00fb\" data-element_type=\"widget\" data-e-type=\"widget\" data-widget_type=\"button.default\">\n\t\t\t\t<div class=\"elementor-widget-container\">\n\t\t\t\t\t\t\t\t\t<div class=\"elementor-button-wrapper\">\n\t\t\t\t\t<a class=\"elementor-button elementor-button-link elementor-size-sm\" href=\"https:\/\/tuayunomx.com\/en\/calendario\/\">\n\t\t\t\t\t\t<span class=\"elementor-button-content-wrapper\">\n\t\t\t\t\t\t\t\t\t<span class=\"elementor-button-text\">Calendar<\/span>\n\t\t\t\t\t<\/span>\n\t\t\t\t\t<\/a>\n\t\t\t\t<\/div>\n\t\t\t\t\t\t\t\t<\/div>\n\t\t\t\t<\/div>\n\t\t\t\t\t<\/div>\n\t\t\t\t<\/div>\n\t\t\t\t<\/div>","protected":false},"excerpt":{"rendered":"<p>Ayuno en Jalcomulco, Veracruz Jalcomulco es un pintoresco pueblo enclavado en la regi\u00f3n monta\u00f1osa de Veracruz, M\u00e9xico. Conocido por su vibrante cultura y su entorno natural impresionante, Jalcomulco es el [&hellip;]<\/p>\n","protected":false},"author":1,"featured_media":0,"parent":0,"menu_order":0,"comment_status":"closed","ping_status":"closed","template":"","meta":{"_coblocks_attr":"","_coblocks_dimensions":"","_coblocks_responsive_height":"","_coblocks_accordion_ie_support":"","site-sidebar-layout":"no-sidebar","site-content-layout":"page-builder","ast-site-content-layout":"full-width-container","site-content-style":"default","site-sidebar-style":"default","ast-global-header-display":"","ast-banner-title-visibility":"","ast-main-header-display":"","ast-hfb-above-header-display":"","ast-hfb-below-header-display":"","ast-hfb-mobile-header-display":"","site-post-title":"disabled","ast-breadcrumbs-content":"","ast-featured-img":"disabled","footer-sml-layout":"","ast-disable-related-posts":"","theme-transparent-header-meta":"","adv-header-id-meta":"","stick-header-meta":"","header-above-stick-meta":"","header-main-stick-meta":"","header-below-stick-meta":"","astra-migrate-meta-layouts":"default","ast-page-background-enabled":"default","ast-page-background-meta":{"desktop":{"background-color":"var(--ast-global-color-4)","background-image":"","background-repeat":"repeat","background-position":"center center","background-size":"auto","background-attachment":"scroll","background-type":"","background-media":"","overlay-type":"","overlay-color":"","overlay-opacity":"","overlay-gradient":""},"tablet":{"background-color":"","background-image":"","background-repeat":"repeat","background-position":"center center","background-size":"auto","background-attachment":"scroll","background-type":"","background-media":"","overlay-type":"","overlay-color":"","overlay-opacity":"","overlay-gradient":""},"mobile":{"background-color":"","background-image":"","background-repeat":"repeat","background-position":"center center","background-size":"auto","background-attachment":"scroll","background-type":"","background-media":"","overlay-type":"","overlay-color":"","overlay-opacity":"","overlay-gradient":""}},"ast-content-background-meta":{"desktop":{"background-color":"var(--ast-global-color-5)","background-image":"","background-repeat":"repeat","background-position":"center center","background-size":"auto","background-attachment":"scroll","background-type":"","background-media":"","overlay-type":"","overlay-color":"","overlay-opacity":"","overlay-gradient":""},"tablet":{"background-color":"var(--ast-global-color-5)","background-image":"","background-repeat":"repeat","background-position":"center center","background-size":"auto","background-attachment":"scroll","background-type":"","background-media":"","overlay-type":"","overlay-color":"","overlay-opacity":"","overlay-gradient":""},"mobile":{"background-color":"var(--ast-global-color-5)","background-image":"","background-repeat":"repeat","background-position":"center center","background-size":"auto","background-attachment":"scroll","background-type":"","background-media":"","overlay-type":"","overlay-color":"","overlay-opacity":"","overlay-gradient":""}},"footnotes":""},"class_list":["post-2134","page","type-page","status-publish","hentry"],"_links":{"self":[{"href":"https:\/\/tuayunomx.com\/en\/wp-json\/wp\/v2\/pages\/2134","targetHints":{"allow":["GET"]}}],"collection":[{"href":"https:\/\/tuayunomx.com\/en\/wp-json\/wp\/v2\/pages"}],"about":[{"href":"https:\/\/tuayunomx.com\/en\/wp-json\/wp\/v2\/types\/page"}],"author":[{"embeddable":true,"href":"https:\/\/tuayunomx.com\/en\/wp-json\/wp\/v2\/users\/1"}],"replies":[{"embeddable":true,"href":"https:\/\/tuayunomx.com\/en\/wp-json\/wp\/v2\/comments?post=2134"}],"version-history":[{"count":28,"href":"https:\/\/tuayunomx.com\/en\/wp-json\/wp\/v2\/pages\/2134\/revisions"}],"predecessor-version":[{"id":3464,"href":"https:\/\/tuayunomx.com\/en\/wp-json\/wp\/v2\/pages\/2134\/revisions\/3464"}],"wp:attachment":[{"href":"https:\/\/tuayunomx.com\/en\/wp-json\/wp\/v2\/media?parent=2134"}],"curies":[{"name":"wp","href":"https:\/\/api.w.org\/{rel}","templated":true}]}}