{"id":14,"date":"2024-07-04T11:29:10","date_gmt":"2024-07-04T17:29:10","guid":{"rendered":"https:\/\/tuayunomx.com\/about\/"},"modified":"2025-04-28T12:03:41","modified_gmt":"2025-04-28T18:03:41","slug":"conocenos","status":"publish","type":"page","link":"https:\/\/tuayunomx.com\/en\/conocenos\/","title":{"rendered":"Konw us"},"content":{"rendered":"<div data-elementor-type=\"wp-page\" data-elementor-id=\"14\" class=\"elementor elementor-14\">\n\t\t\t\t<div class=\"elementor-element elementor-element-ec6ab1f e-con-full e-flex e-con e-parent\" data-id=\"ec6ab1f\" data-element_type=\"container\" data-e-type=\"container\">\n\t\t\t\t<div class=\"elementor-element elementor-element-0d2568f elementor-widget elementor-widget-image\" data-id=\"0d2568f\" data-element_type=\"widget\" data-e-type=\"widget\" data-widget_type=\"image.default\">\n\t\t\t\t<div class=\"elementor-widget-container\">\n\t\t\t\t\t\t\t\t\t\t\t\t\t\t\t<img fetchpriority=\"high\" decoding=\"async\" width=\"2284\" height=\"698\" src=\"https:\/\/tuayunomx.com\/wp-content\/uploads\/2024\/09\/Conocenos.png\" class=\"attachment-full size-full wp-image-2626\" alt=\"\" srcset=\"https:\/\/tuayunomx.com\/wp-content\/uploads\/2024\/09\/Conocenos.png 2284w, https:\/\/tuayunomx.com\/wp-content\/uploads\/2024\/09\/Conocenos-300x92.png 300w, https:\/\/tuayunomx.com\/wp-content\/uploads\/2024\/09\/Conocenos-1024x313.png 1024w, https:\/\/tuayunomx.com\/wp-content\/uploads\/2024\/09\/Conocenos-768x235.png 768w, https:\/\/tuayunomx.com\/wp-content\/uploads\/2024\/09\/Conocenos-1536x469.png 1536w, https:\/\/tuayunomx.com\/wp-content\/uploads\/2024\/09\/Conocenos-2048x626.png 2048w, https:\/\/tuayunomx.com\/wp-content\/uploads\/2024\/09\/Conocenos-600x183.png 600w\" sizes=\"(max-width: 2284px) 100vw, 2284px\" \/>\t\t\t\t\t\t\t\t\t\t\t\t\t\t\t<\/div>\n\t\t\t\t<\/div>\n\t\t\t\t<\/div>\n\t\t<div class=\"elementor-element elementor-element-b66859a e-flex e-con-boxed e-con e-parent\" data-id=\"b66859a\" data-element_type=\"container\" data-e-type=\"container\">\n\t\t\t\t\t<div class=\"e-con-inner\">\n\t\t<div class=\"elementor-element elementor-element-ec6bb56 e-con-full e-flex e-con e-child\" data-id=\"ec6bb56\" data-element_type=\"container\" data-e-type=\"container\">\n\t\t<div class=\"elementor-element elementor-element-ca23138 e-con-full e-flex e-con e-child\" data-id=\"ca23138\" data-element_type=\"container\" data-e-type=\"container\">\n\t\t<div class=\"elementor-element elementor-element-e4dea01 e-con-full e-flex e-con e-child\" data-id=\"e4dea01\" data-element_type=\"container\" data-e-type=\"container\">\n\t\t\t\t<div class=\"elementor-element elementor-element-21f813b elementor-widget elementor-widget-heading\" data-id=\"21f813b\" data-element_type=\"widget\" data-e-type=\"widget\" data-widget_type=\"heading.default\">\n\t\t\t\t<div class=\"elementor-widget-container\">\n\t\t\t\t\t<h2 class=\"elementor-heading-title elementor-size-default\">Vanessa Hern\u00e1ndez Cano<\/h2>\t\t\t\t<\/div>\n\t\t\t\t<\/div>\n\t\t\t\t<\/div>\n\t\t\t\t<div class=\"elementor-element elementor-element-aa83f66 elementor-widget elementor-widget-text-editor\" data-id=\"aa83f66\" data-element_type=\"widget\" data-e-type=\"widget\" data-widget_type=\"text-editor.default\">\n\t\t\t\t<div class=\"elementor-widget-container\">\n\t\t\t\t\t\t\t\t\t<p>Hello. I'm Vanessa, and I want to tell you a little bit about me so you know why my passion for health and well-being.<\/p><p>As the good daughter of a homeopathic doctor, I was always immersed in talks and health issues in my house.<\/p>\t\t\t\t\t\t\t\t<\/div>\n\t\t\t\t<\/div>\n\t\t\t\t<div class=\"elementor-element elementor-element-112a33f elementor-widget elementor-widget-text-editor\" data-id=\"112a33f\" data-element_type=\"widget\" data-e-type=\"widget\" data-widget_type=\"text-editor.default\">\n\t\t\t\t<div class=\"elementor-widget-container\">\n\t\t\t\t\t\t\t\t\t<p>I chose to study Communication Sciences because at that time it was what was new to me, in addition to the Bachelor's Degree in International Trade and later an MBA, but my choices and what I really expanded my Being was everything that had to do with health, well-being, and spirituality, that's why, although I was already working in the academic sphere, by the hand I started one of my favorite Certifications, as Master of Kundalini Yoga, and I say favorites, because these studies led me to become more aware of the Being in hisAll Body - Mind and Spirit.<\/p><p>Once these studies were completed, my interest in the implementation of healthy habits in my life began, which did not always yield good results, because I did not have a method, I did it with how little I knew at the time, they were up and down, fallen and lifted, until, I chose to certify myself in the Coaching of Change of Habits, so I began to have getting better and better results in my life, because I did it with a methodology, I did it with more solid foundations that made the results go longer,I began to have more awareness of the contribution they were in my life and this gave me easier, so much so that I began to help other people transform their lives with Coaching, on the other hand, hand in hand with what I learned in my Kundalini Yoga Certification, the results were great, because people came to a place with themselves, with their bodies and with their lives totally different, a place of change and transformation in all areas of their life.<\/p>\t\t\t\t\t\t\t\t<\/div>\n\t\t\t\t<\/div>\n\t\t\t\t<\/div>\n\t\t\t\t<\/div>\n\t\t\t\t\t<\/div>\n\t\t\t\t<\/div>\n\t\t<div class=\"elementor-element elementor-element-e2b4fb4 e-flex e-con-boxed e-con e-parent\" data-id=\"e2b4fb4\" data-element_type=\"container\" data-e-type=\"container\">\n\t\t\t\t\t<div class=\"e-con-inner\">\n\t\t<div class=\"elementor-element elementor-element-e839c6b e-con-full e-flex e-con e-child\" data-id=\"e839c6b\" data-element_type=\"container\" data-e-type=\"container\">\n\t\t<div class=\"elementor-element elementor-element-a1586f5 e-con-full e-flex e-con e-child\" data-id=\"a1586f5\" data-element_type=\"container\" data-e-type=\"container\">\n\t\t\t\t<div class=\"elementor-element elementor-element-aab38dd elementor-widget elementor-widget-text-editor\" data-id=\"aab38dd\" data-element_type=\"widget\" data-e-type=\"widget\" data-widget_type=\"text-editor.default\">\n\t\t\t\t<div class=\"elementor-widget-container\">\n\t\t\t\t\t\t\t\t\t<p>And the path to expansion continued, because having these certifications led me to choose more from me, to choose more consciousness, and so I know one of the energy techniques that has contributed the most to me to have joy and ease in my life, Access Consciousness. Access is a technique that has many easy and very practical tools in the day to day. I chose to certify myself in several of them, such as: Access Bars, Energetic Facelift, Body Processes and Possibility Symphony. Each one, I take myself to a different space of consciousness, led me to create a reality different from the one I had already defined that it had to be in many aspects of my life as my body, my finances, my business, my relationships, etc., and empowered me to know that I always know what is of greatest contribution in my life, that I like that being infinite and limitless that I really am (as you are), I know everything, that I can never be wrong and that if there is something that does not contribute to my life I can always choose something different. And they don't know the peace, the quiet, and the joy I experience today in my life.<\/p>\t\t\t\t\t\t\t\t<\/div>\n\t\t\t\t<\/div>\n\t\t\t\t<div class=\"elementor-element elementor-element-826dd55 elementor-widget elementor-widget-text-editor\" data-id=\"826dd55\" data-element_type=\"widget\" data-e-type=\"widget\" data-widget_type=\"text-editor.default\">\n\t\t\t\t<div class=\"elementor-widget-container\">\n\t\t\t\t\t\t\t\t\t<p>That's why I also chose to contribute to the world by giving sessions of each of these tools, Access Bars, Energy Facelift, Body Processes, Symphony of Possibilities that, accompanied by Kundalini Yoga, and Coaching, in Cambio, Habits have had surprising results in my consultants.<\/p>\t\t\t\t\t\t\t\t<\/div>\n\t\t\t\t<\/div>\n\t\t\t\t<div class=\"elementor-element elementor-element-569b46d elementor-widget elementor-widget-text-editor\" data-id=\"569b46d\" data-element_type=\"widget\" data-e-type=\"widget\" data-widget_type=\"text-editor.default\">\n\t\t\t\t<div class=\"elementor-widget-container\">\n\t\t\t\t\t\t\t\t\t<p><strong><em>How much are you willing to empower yourself,<\/em> to create the life you want, the body you want, the reality you have always dreamed of?<\/strong><\/p>\t\t\t\t\t\t\t\t<\/div>\n\t\t\t\t<\/div>\n\t\t\t\t<\/div>\n\t\t\t\t<\/div>\n\t\t\t\t\t<\/div>\n\t\t\t\t<\/div>\n\t\t<div class=\"elementor-element elementor-element-d402bdc e-flex e-con-boxed e-con e-parent\" data-id=\"d402bdc\" data-element_type=\"container\" data-e-type=\"container\">\n\t\t\t\t\t<div class=\"e-con-inner\">\n\t\t<div class=\"elementor-element elementor-element-a3a3014 e-con-full e-flex e-con e-child\" data-id=\"a3a3014\" data-element_type=\"container\" data-e-type=\"container\">\n\t\t<div class=\"elementor-element elementor-element-3591828 e-con-full e-flex e-con e-child\" data-id=\"3591828\" data-element_type=\"container\" data-e-type=\"container\">\n\t\t\t\t<div class=\"elementor-element elementor-element-be4689b elementor-widget elementor-widget-heading\" data-id=\"be4689b\" data-element_type=\"widget\" data-e-type=\"widget\" data-widget_type=\"heading.default\">\n\t\t\t\t<div class=\"elementor-widget-container\">\n\t\t\t\t\t<h2 class=\"elementor-heading-title elementor-size-default\">Tania Garc\u00eda L\u00f3pez<\/h2>\t\t\t\t<\/div>\n\t\t\t\t<\/div>\n\t\t\t\t<\/div>\n\t\t<div class=\"elementor-element elementor-element-05c8bb0 e-con-full e-flex e-con e-child\" data-id=\"05c8bb0\" data-element_type=\"container\" data-e-type=\"container\">\n\t\t<div class=\"elementor-element elementor-element-54d3aa5 e-con-full e-flex e-con e-child\" data-id=\"54d3aa5\" data-element_type=\"container\" data-e-type=\"container\">\n\t\t\t\t<div class=\"elementor-element elementor-element-28077cf elementor-widget elementor-widget-text-editor\" data-id=\"28077cf\" data-element_type=\"widget\" data-e-type=\"widget\" data-widget_type=\"text-editor.default\">\n\t\t\t\t<div class=\"elementor-widget-container\">\n\t\t\t\t\t\t\t\t\t<p>Tania Garc\u00eda L\u00f3pez es cofundadora de TuAyunoMX, abogada ambientalista, escritora y apasionada del bienestar integral.<\/p><p><br \/>Con m\u00e1s de 25 a\u00f1os de experiencia en docencia e investigaci\u00f3n, ha encontrado en el ayuno consciente una pr\u00e1ctica transformadora que combina ciencia, espiritualidad y salud.<\/p><p><br \/>Hoy genera espacios para que otras personas reconecten con su cuerpo y su poder interior desde un lugar de escucha, respeto y expansi\u00f3n.<\/p>\t\t\t\t\t\t\t\t<\/div>\n\t\t\t\t<\/div>\n\t\t\t\t<\/div>\n\t\t<div class=\"elementor-element elementor-element-f1831a2 e-con-full e-flex e-con e-child\" data-id=\"f1831a2\" data-element_type=\"container\" data-e-type=\"container\">\n\t\t\t\t<div class=\"elementor-element elementor-element-4cc436c elementor-widget elementor-widget-image\" data-id=\"4cc436c\" data-element_type=\"widget\" data-e-type=\"widget\" data-widget_type=\"image.default\">\n\t\t\t\t<div class=\"elementor-widget-container\">\n\t\t\t\t\t\t\t\t\t\t\t\t\t\t\t<img decoding=\"async\" width=\"427\" height=\"640\" src=\"https:\/\/tuayunomx.com\/wp-content\/uploads\/2025\/04\/quienEstaDetras.jpeg\" class=\"attachment-large size-large wp-image-3797\" alt=\"\" srcset=\"https:\/\/tuayunomx.com\/wp-content\/uploads\/2025\/04\/quienEstaDetras.jpeg 427w, https:\/\/tuayunomx.com\/wp-content\/uploads\/2025\/04\/quienEstaDetras-200x300.jpeg 200w, https:\/\/tuayunomx.com\/wp-content\/uploads\/2025\/04\/quienEstaDetras-8x12.jpeg 8w\" sizes=\"(max-width: 427px) 100vw, 427px\" \/>\t\t\t\t\t\t\t\t\t\t\t\t\t\t\t<\/div>\n\t\t\t\t<\/div>\n\t\t\t\t<\/div>\n\t\t\t\t<\/div>\n\t\t\t\t<\/div>\n\t\t\t\t\t<\/div>\n\t\t\t\t<\/div>\n\t\t\t\t<\/div>","protected":false},"excerpt":{"rendered":"<p>Vanessa Hern\u00e1ndez Cano \u00a1Hola! Soy Vanessa, y te quiero contar un poco sobre m\u00ed para que sepas por qu\u00e9 mi pasi\u00f3n por la salud y el bienestar. Como buena hija [&hellip;]<\/p>\n","protected":false},"author":1,"featured_media":0,"parent":0,"menu_order":0,"comment_status":"closed","ping_status":"closed","template":"","meta":{"_coblocks_attr":"","_coblocks_dimensions":"","_coblocks_responsive_height":"","_coblocks_accordion_ie_support":"","site-sidebar-layout":"no-sidebar","site-content-layout":"page-builder","ast-site-content-layout":"full-width-container","site-content-style":"unboxed","site-sidebar-style":"unboxed","ast-global-header-display":"","ast-banner-title-visibility":"","ast-main-header-display":"","ast-hfb-above-header-display":"","ast-hfb-below-header-display":"","ast-hfb-mobile-header-display":"","site-post-title":"disabled","ast-breadcrumbs-content":"","ast-featured-img":"disabled","footer-sml-layout":"","ast-disable-related-posts":"","theme-transparent-header-meta":"disabled","adv-header-id-meta":"","stick-header-meta":"","header-above-stick-meta":"","header-main-stick-meta":"","header-below-stick-meta":"","astra-migrate-meta-layouts":"set","ast-page-background-enabled":"default","ast-page-background-meta":{"desktop":{"background-color":"var(--ast-global-color-4)","background-image":"","background-repeat":"repeat","background-position":"center center","background-size":"auto","background-attachment":"scroll","background-type":"","background-media":"","overlay-type":"","overlay-color":"","overlay-opacity":"","overlay-gradient":""},"tablet":{"background-color":"","background-image":"","background-repeat":"repeat","background-position":"center center","background-size":"auto","background-attachment":"scroll","background-type":"","background-media":"","overlay-type":"","overlay-color":"","overlay-opacity":"","overlay-gradient":""},"mobile":{"background-color":"","background-image":"","background-repeat":"repeat","background-position":"center center","background-size":"auto","background-attachment":"scroll","background-type":"","background-media":"","overlay-type":"","overlay-color":"","overlay-opacity":"","overlay-gradient":""}},"ast-content-background-meta":{"desktop":{"background-color":"var(--ast-global-color-5)","background-image":"","background-repeat":"repeat","background-position":"center center","background-size":"auto","background-attachment":"scroll","background-type":"","background-media":"","overlay-type":"","overlay-color":"","overlay-opacity":"","overlay-gradient":""},"tablet":{"background-color":"var(--ast-global-color-5)","background-image":"","background-repeat":"repeat","background-position":"center center","background-size":"auto","background-attachment":"scroll","background-type":"","background-media":"","overlay-type":"","overlay-color":"","overlay-opacity":"","overlay-gradient":""},"mobile":{"background-color":"var(--ast-global-color-5)","background-image":"","background-repeat":"repeat","background-position":"center center","background-size":"auto","background-attachment":"scroll","background-type":"","background-media":"","overlay-type":"","overlay-color":"","overlay-opacity":"","overlay-gradient":""}},"footnotes":""},"class_list":["post-14","page","type-page","status-publish","hentry"],"_links":{"self":[{"href":"https:\/\/tuayunomx.com\/en\/wp-json\/wp\/v2\/pages\/14","targetHints":{"allow":["GET"]}}],"collection":[{"href":"https:\/\/tuayunomx.com\/en\/wp-json\/wp\/v2\/pages"}],"about":[{"href":"https:\/\/tuayunomx.com\/en\/wp-json\/wp\/v2\/types\/page"}],"author":[{"embeddable":true,"href":"https:\/\/tuayunomx.com\/en\/wp-json\/wp\/v2\/users\/1"}],"replies":[{"embeddable":true,"href":"https:\/\/tuayunomx.com\/en\/wp-json\/wp\/v2\/comments?post=14"}],"version-history":[{"count":83,"href":"https:\/\/tuayunomx.com\/en\/wp-json\/wp\/v2\/pages\/14\/revisions"}],"predecessor-version":[{"id":3859,"href":"https:\/\/tuayunomx.com\/en\/wp-json\/wp\/v2\/pages\/14\/revisions\/3859"}],"wp:attachment":[{"href":"https:\/\/tuayunomx.com\/en\/wp-json\/wp\/v2\/media?parent=14"}],"curies":[{"name":"wp","href":"https:\/\/api.w.org\/{rel}","templated":true}]}}